{"id":784,"date":"2024-08-26T09:52:20","date_gmt":"2024-08-26T13:52:20","guid":{"rendered":"https:\/\/maverickyouthfund.ca\/scholarships\/past-winners\/"},"modified":"2026-03-31T13:04:03","modified_gmt":"2026-03-31T17:04:03","slug":"laureats-precedents","status":"publish","type":"page","link":"https:\/\/maverickyouthfund.ca\/fr\/bourses-detudes\/laureats-precedents\/","title":{"rendered":"Laur\u00e9ats Pr\u00e9c\u00e9dents"},"content":{"rendered":"\n<h2 class=\"wp-block-heading\">R\u00e9cipiendaires de la Bourse d&rsquo;excellence<\/h2>\n\n\n\n<h3 class=\"wp-block-heading\">2025<\/h3>\n\n\n\n<div class=\"wp-block-columns is-layout-flex wp-container-core-columns-is-layout-28f84493 wp-block-columns-is-layout-flex\">\n<div class=\"wp-block-column is-layout-flow wp-block-column-is-layout-flow\" style=\"flex-basis:66.66%\">\n<p>Le <strong>Fonds Maverick Perspectives Jeunesse<\/strong> est fier d\u2019annoncer les r\u00e9cipiendaires de notre <strong>Bourse d\u2019excellence 2025<\/strong> : <strong>Grant Haley, S\u00e9bastien Shewan, Miranda Cai et Mia Jolicoeur<\/strong> !<\/p>\n\n\n\n<p>Ces athl\u00e8tes remarquables ont fait preuve d\u2019un engagement exceptionnel envers leurs \u00e9tudes, leur sport et leur service communautaire. Nous saluons leur leadership et leurs r\u00e9alisations extraordinaires. \ud83c\udf1f Ce sont de v\u00e9ritables mod\u00e8les qui ont un impact positif dans leurs communaut\u00e9s ! Nous leur souhaitons beaucoup de succ\u00e8s alors qu\u2019ils entament leur parcours postsecondaire. \ud83c\udf93<\/p>\n\n\n\n<p>Les prix ont \u00e9t\u00e9 remis par <strong>Greg Skotnicki<\/strong> (\u00e0 gauche) et <strong>Judi Shum-Mousseau<\/strong> (\u00e0 droite), membres du conseil d\u2019administration du MYOF.<\/p>\n<\/div>\n\n\n\n<div class=\"wp-block-column is-layout-flow wp-block-column-is-layout-flow\" style=\"flex-basis:33.33%\">\n<figure class=\"wp-block-image size-full\"><img loading=\"lazy\" decoding=\"async\" width=\"918\" height=\"632\" src=\"https:\/\/maverickyouthfund.ca\/wp-content\/uploads\/2026\/03\/Xnip2026-03-31_12-49-17.jpg\" alt=\"\" class=\"wp-image-2733\" srcset=\"https:\/\/maverickyouthfund.ca\/wp-content\/uploads\/2026\/03\/Xnip2026-03-31_12-49-17.jpg 918w, https:\/\/maverickyouthfund.ca\/wp-content\/uploads\/2026\/03\/Xnip2026-03-31_12-49-17-300x207.jpg 300w, https:\/\/maverickyouthfund.ca\/wp-content\/uploads\/2026\/03\/Xnip2026-03-31_12-49-17-768x529.jpg 768w, https:\/\/maverickyouthfund.ca\/wp-content\/uploads\/2026\/03\/Xnip2026-03-31_12-49-17-180x124.jpg 180w, https:\/\/maverickyouthfund.ca\/wp-content\/uploads\/2026\/03\/Xnip2026-03-31_12-49-17-360x248.jpg 360w, https:\/\/maverickyouthfund.ca\/wp-content\/uploads\/2026\/03\/Xnip2026-03-31_12-49-17-540x372.jpg 540w, https:\/\/maverickyouthfund.ca\/wp-content\/uploads\/2026\/03\/Xnip2026-03-31_12-49-17-720x496.jpg 720w, https:\/\/maverickyouthfund.ca\/wp-content\/uploads\/2026\/03\/Xnip2026-03-31_12-49-17-261x180.jpg 261w, https:\/\/maverickyouthfund.ca\/wp-content\/uploads\/2026\/03\/Xnip2026-03-31_12-49-17-523x360.jpg 523w, https:\/\/maverickyouthfund.ca\/wp-content\/uploads\/2026\/03\/Xnip2026-03-31_12-49-17-784x540.jpg 784w\" sizes=\"auto, (max-width: 918px) 100vw, 918px\" \/><\/figure>\n<\/div>\n<\/div>\n\n\n\n<h3 class=\"wp-block-heading\">2024<\/h3>\n\n\n\n<div class=\"wp-block-columns is-layout-flex wp-container-core-columns-is-layout-28f84493 wp-block-columns-is-layout-flex\">\n<div class=\"wp-block-column is-layout-flow wp-block-column-is-layout-flow\" style=\"flex-basis:33.33%\">\n<figure class=\"wp-block-image size-large\"><img loading=\"lazy\" decoding=\"async\" width=\"1024\" height=\"938\" src=\"https:\/\/maverickyouthfund.ca\/wp-content\/uploads\/2024\/08\/2024-scholarship-recipients-enlarged-1024x938.jpg\" alt=\"R\u00e9cipiendaires de la Bourse d'excellence 2024\" class=\"wp-image-524\" srcset=\"https:\/\/maverickyouthfund.ca\/wp-content\/uploads\/2024\/08\/2024-scholarship-recipients-enlarged-1024x938.jpg 1024w, https:\/\/maverickyouthfund.ca\/wp-content\/uploads\/2024\/08\/2024-scholarship-recipients-enlarged-300x275.jpg 300w, https:\/\/maverickyouthfund.ca\/wp-content\/uploads\/2024\/08\/2024-scholarship-recipients-enlarged-768x704.jpg 768w, https:\/\/maverickyouthfund.ca\/wp-content\/uploads\/2024\/08\/2024-scholarship-recipients-enlarged-1536x1407.jpg 1536w, https:\/\/maverickyouthfund.ca\/wp-content\/uploads\/2024\/08\/2024-scholarship-recipients-enlarged-2048x1876.jpg 2048w, https:\/\/maverickyouthfund.ca\/wp-content\/uploads\/2024\/08\/2024-scholarship-recipients-enlarged-180x165.jpg 180w, https:\/\/maverickyouthfund.ca\/wp-content\/uploads\/2024\/08\/2024-scholarship-recipients-enlarged-360x330.jpg 360w, https:\/\/maverickyouthfund.ca\/wp-content\/uploads\/2024\/08\/2024-scholarship-recipients-enlarged-540x495.jpg 540w, https:\/\/maverickyouthfund.ca\/wp-content\/uploads\/2024\/08\/2024-scholarship-recipients-enlarged-720x660.jpg 720w, https:\/\/maverickyouthfund.ca\/wp-content\/uploads\/2024\/08\/2024-scholarship-recipients-enlarged-196x180.jpg 196w, https:\/\/maverickyouthfund.ca\/wp-content\/uploads\/2024\/08\/2024-scholarship-recipients-enlarged-393x360.jpg 393w, https:\/\/maverickyouthfund.ca\/wp-content\/uploads\/2024\/08\/2024-scholarship-recipients-enlarged-589x540.jpg 589w, https:\/\/maverickyouthfund.ca\/wp-content\/uploads\/2024\/08\/2024-scholarship-recipients-enlarged-786x720.jpg 786w\" sizes=\"auto, (max-width: 1024px) 100vw, 1024px\" \/><\/figure>\n<\/div>\n\n\n\n<div class=\"wp-block-column is-layout-flow wp-block-column-is-layout-flow\" style=\"flex-basis:66.66%\">\n<p>Le Maverick Volleyball Club est fier d&rsquo;annoncer que les r\u00e9cipiendaires de la Bourse d&rsquo;Excellence 2024 sont Mia Ladd, Sasha Wiens-Chetelat, Philip Dahl et Kaelan Frost.<\/p>\n\n\n\n<p>Ces quatre athl\u00e8tes ont d\u00e9montr\u00e9 un engagement remarquable envers l&rsquo;excellence dans leurs \u00e9tudes, leurs performances sportives et leur implication communautaire. Nous sommes \u00e9galement tr\u00e8s fiers de voir ces athl\u00e8tes rendre \u00e0 leur communaut\u00e9 Maverick et au volleyball, que ce soit en tant qu&rsquo;entra\u00eeneurs ou arbitres !<\/p>\n\n\n\n<p>Nous saluons leur leadership ainsi que leurs accomplissements, car ils incarnent tous les caract\u00e9ristiques d&rsquo;un athl\u00e8te Maverick exceptionnel ! Nous leur souhaitons beaucoup de succ\u00e8s alors qu&rsquo;ils poursuivent leur chemin vers leurs \u00e9tudes postsecondaires.<\/p>\n<\/div>\n<\/div>\n\n\n\n<blockquote class=\"wp-block-quote is-layout-flow wp-block-quote-is-layout-flow\">\n<p>Remporter cette bourse signifie beaucoup pour moi. Le club de volleyball Maverick m&rsquo;a permis de d\u00e9velopper mes comp\u00e9tences en leadership et en travail d&rsquo;\u00e9quipe. Gagner ce prix prouve que tout mon travail acharn\u00e9 au cours des derni\u00e8res ann\u00e9es m&rsquo;a vraiment permis de devenir un meilleur leader.<\/p>\n<cite>Philip Dahl , athl\u00e8te 18UB , 2024<\/cite><\/blockquote>\n\n\n\n<blockquote class=\"wp-block-quote is-layout-flow wp-block-quote-is-layout-flow\">\n<p><strong>Quelle fiert\u00e9 d&rsquo;\u00eatre le r\u00e9cipiendaire de la Bourse d&rsquo;Excellence Maverick !<\/strong> Cela m&rsquo;a permis d&rsquo;all\u00e9ger mes contraintes financi\u00e8res, me permettant de me concentrer sur mes \u00e9tudes et le volleyball sans m&rsquo;inqui\u00e9ter constamment des d\u00e9penses . Je suis profond\u00e9ment reconnaissant pour cette reconnaissance . Ce soutien m&rsquo;aidera \u00e0 atteindre mes objectifs acad\u00e9miques tout en pratiquant le sport que j&rsquo;aime . Merci au Club de Volleyball Maverick et au Fonds Maverick Perspectives  Jeunesse !<\/p>\n<cite>Mia Ladd , athl\u00e8te 18UG , 2024<\/cite><\/blockquote>\n\n\n\n<div style=\"height:2em\" aria-hidden=\"true\" class=\"wp-block-spacer\"><\/div>\n\n\n\n<h3 class=\"wp-block-heading\">2023<\/h3>\n\n\n\n<div class=\"wp-block-columns is-layout-flex wp-container-core-columns-is-layout-28f84493 wp-block-columns-is-layout-flex\">\n<div class=\"wp-block-column is-layout-flow wp-block-column-is-layout-flow\" style=\"flex-basis:33.33%\">\n<figure class=\"wp-block-image size-large\"><img loading=\"lazy\" decoding=\"async\" width=\"768\" height=\"1024\" src=\"https:\/\/maverickyouthfund.ca\/wp-content\/uploads\/2024\/09\/2023_scholarship-768x1024.jpg\" alt=\"2023 Scholarship Winners\" class=\"wp-image-576\" srcset=\"https:\/\/maverickyouthfund.ca\/wp-content\/uploads\/2024\/09\/2023_scholarship-768x1024.jpg 768w, https:\/\/maverickyouthfund.ca\/wp-content\/uploads\/2024\/09\/2023_scholarship-225x300.jpg 225w, https:\/\/maverickyouthfund.ca\/wp-content\/uploads\/2024\/09\/2023_scholarship-1152x1536.jpg 1152w, https:\/\/maverickyouthfund.ca\/wp-content\/uploads\/2024\/09\/2023_scholarship-1536x2048.jpg 1536w, https:\/\/maverickyouthfund.ca\/wp-content\/uploads\/2024\/09\/2023_scholarship-180x240.jpg 180w, https:\/\/maverickyouthfund.ca\/wp-content\/uploads\/2024\/09\/2023_scholarship-360x480.jpg 360w, https:\/\/maverickyouthfund.ca\/wp-content\/uploads\/2024\/09\/2023_scholarship-540x720.jpg 540w, https:\/\/maverickyouthfund.ca\/wp-content\/uploads\/2024\/09\/2023_scholarship-720x960.jpg 720w, https:\/\/maverickyouthfund.ca\/wp-content\/uploads\/2024\/09\/2023_scholarship-135x180.jpg 135w, https:\/\/maverickyouthfund.ca\/wp-content\/uploads\/2024\/09\/2023_scholarship-270x360.jpg 270w, https:\/\/maverickyouthfund.ca\/wp-content\/uploads\/2024\/09\/2023_scholarship-405x540.jpg 405w, https:\/\/maverickyouthfund.ca\/wp-content\/uploads\/2024\/09\/2023_scholarship-scaled.jpg 1920w\" sizes=\"auto, (max-width: 768px) 100vw, 768px\" \/><\/figure>\n<\/div>\n\n\n\n<div class=\"wp-block-column is-layout-flow wp-block-column-is-layout-flow\" style=\"flex-basis:66.66%\">\n<p>Le Maverick Volleyball Club est fier d&rsquo;annoncer que les laur\u00e9ats de la toute premi\u00e8re Bourse d&rsquo;Excellence U18B et U18G de 2023 sont <strong>Zachary Shewan<\/strong> et <strong>Marie Pierre Gauvin<\/strong>.<\/p>\n\n\n\n<p>Ces deux athl\u00e8tes ont d\u00e9montr\u00e9 un engagement remarquable envers l&rsquo;excellence dans leurs \u00e9tudes, leurs performances sportives et leur implication communautaire. Nous saluons leurs accomplissements et les encourageons alors qu&rsquo;ils poursuivent leur carri\u00e8re de volleyball au sein de leurs \u00e9quipes postsecondaires.<\/p>\n\n\n\n<blockquote class=\"wp-block-quote is-layout-flow wp-block-quote-is-layout-flow\">\n<p>Recevoir la Bourse d&rsquo;Excellence Maverick a \u00e9t\u00e9 un v\u00e9ritable honneur ! Cette bourse met en lumi\u00e8re non seulement le travail acharn\u00e9 et le d\u00e9vouement au volleyball, mais aussi \u00e0 l&rsquo;\u00e9cole et \u00e0 l&rsquo;engagement communautaire. Avoir la possibilit\u00e9 de postuler pour cette bourse a inspir\u00e9 en moi un sentiment de fiert\u00e9 et de motivation pour continuer \u00e0 viser l&rsquo;excellence. \u00catre r\u00e9compens\u00e9 par cette bourse a solidifi\u00e9 ma passion pour ce sport, mon engagement \u00e0 jouer au volleyball au niveau postsecondaire et ma d\u00e9termination \u00e0 r\u00e9ussir dans mes \u00e9tudes.<\/p>\n<cite>Zach Shewan, athl\u00e8te 18UB, 2023<\/cite><\/blockquote>\n<\/div>\n<\/div>\n\n\n\n<div style=\"height:2em\" aria-hidden=\"true\" class=\"wp-block-spacer\"><\/div>\n","protected":false},"excerpt":{"rendered":"<p>R\u00e9cipiendaires de la Bourse d&rsquo;excellence 2025 Le Fonds Maverick Perspectives Jeunesse est fier d\u2019annoncer les r\u00e9cipiendaires de notre Bourse d\u2019excellence 2025 : Grant Haley, S\u00e9bastien Shewan, Miranda Cai et Mia Jolicoeur ! Ces athl\u00e8tes remarquables ont fait preuve d\u2019un engagement exceptionnel envers leurs \u00e9tudes, leur sport et leur service communautaire. Nous saluons leur leadership et [&hellip;]<\/p>\n","protected":false},"author":1,"featured_media":0,"parent":783,"menu_order":0,"comment_status":"closed","ping_status":"closed","template":"","meta":{"_acf_changed":false,"footnotes":""},"class_list":["post-784","page","type-page","status-publish","hentry"],"acf":[],"_links":{"self":[{"href":"https:\/\/maverickyouthfund.ca\/fr\/wp-json\/wp\/v2\/pages\/784","targetHints":{"allow":["GET"]}}],"collection":[{"href":"https:\/\/maverickyouthfund.ca\/fr\/wp-json\/wp\/v2\/pages"}],"about":[{"href":"https:\/\/maverickyouthfund.ca\/fr\/wp-json\/wp\/v2\/types\/page"}],"author":[{"embeddable":true,"href":"https:\/\/maverickyouthfund.ca\/fr\/wp-json\/wp\/v2\/users\/1"}],"replies":[{"embeddable":true,"href":"https:\/\/maverickyouthfund.ca\/fr\/wp-json\/wp\/v2\/comments?post=784"}],"version-history":[{"count":5,"href":"https:\/\/maverickyouthfund.ca\/fr\/wp-json\/wp\/v2\/pages\/784\/revisions"}],"predecessor-version":[{"id":2738,"href":"https:\/\/maverickyouthfund.ca\/fr\/wp-json\/wp\/v2\/pages\/784\/revisions\/2738"}],"up":[{"embeddable":true,"href":"https:\/\/maverickyouthfund.ca\/fr\/wp-json\/wp\/v2\/pages\/783"}],"wp:attachment":[{"href":"https:\/\/maverickyouthfund.ca\/fr\/wp-json\/wp\/v2\/media?parent=784"}],"curies":[{"name":"wp","href":"https:\/\/api.w.org\/{rel}","templated":true}]}}