{"id":783,"date":"2024-08-16T17:35:49","date_gmt":"2024-08-16T21:35:49","guid":{"rendered":"https:\/\/maverickyouthfund.ca\/scholarships\/"},"modified":"2026-03-29T09:36:16","modified_gmt":"2026-03-29T13:36:16","slug":"bourses-detudes","status":"publish","type":"page","link":"https:\/\/maverickyouthfund.ca\/fr\/bourses-detudes\/","title":{"rendered":"Bourses d&rsquo;\u00e9tudes"},"content":{"rendered":"\n<h2 class=\"wp-block-heading\">Pour fr\u00e9quenter un \u00e9tablissement d&rsquo;enseignement postsecondaire<\/h2>\n\n\n\n<p>Avez-vous travaill\u00e9 fort pour \u00eatre un \u00e9l\u00e8ve, un athl\u00e8te et un b\u00e9n\u00e9vole exemplaire ? As-tu d\u00e9montr\u00e9 un leadership exceptionnel, de la r\u00e9silience, un esprit d\u2019\u00e9quipe et un engagement envers ton \u00e9quipe ?<\/p>\n\n\n\n<p>Nous savons qu&rsquo;il n&rsquo;est pas facile de jongler avec toutes les exigences de l&rsquo;\u00e9cole secondaire ! C&rsquo;est pourquoi nous aimerions reconna\u00eetre vos efforts alors que vous progressiez \u00e0 la prochaine \u00e9tape passionnante de votre vie &#8211; l&rsquo;universit\u00e9 ou le CEGEP !<\/p>\n\n\n\n<h3 class=\"wp-block-heading\">QUELLES BOURSES SONT OFFERTES?<\/h3>\n\n\n\n<p>Quatre bourses de 1 500 $ sont offertes aux athl\u00e8tes finissants, dont :<\/p>\n\n\n\n<ul class=\"wp-block-list\">\n<li>Bourse d\u2019excellence (masculin)<\/li>\n\n\n\n<li>Bourse d\u2019excellence (f\u00e9minin)<\/li>\n\n\n\n<li>\ud83d\udce3 NOUVEAU! Bourse Kerry MacLean (masculin)<\/li>\n\n\n\n<li>\ud83d\udce3 NOUVEAU! Bourse Christina MacLean (f\u00e9minin)<\/li>\n<\/ul>\n\n\n\n<h3 class=\"wp-block-heading\" style=\"text-transform:uppercase\">Quels sont les crit\u00e8res ?<\/h3>\n\n\n\n<ul class=\"wp-block-list\">\n<li>Les candidats doivent d\u00e9montrer l\u2019excellence tant sur le plan acad\u00e9mique que sportif.<\/li>\n\n\n\n<li>Les candidats doivent d\u00e9montrer comment ils incarnent les valeurs de Maverick, soit l\u2019engagement communautaire, le d\u00e9vouement, la r\u00e9silience, le leadership, l\u2019esprit d\u2019\u00e9quipe et la passion.<\/li>\n\n\n\n<li>Les candidats doivent \u00eatre inscrits dans un \u00e9tablissement postsecondaire reconnu (universit\u00e9 ou coll\u00e8ge).<\/li>\n\n\n\n<li>Les candidats doivent soumettre deux lettres de recommandation afin de d\u00e9montrer :\n<ul class=\"wp-block-list\">\n<li>leur rendement acad\u00e9mique (p. ex. enseignant) ; et<\/li>\n\n\n\n<li>leur engagement communautaire (p. ex. responsable\/superviseur au sein d\u2019un organisme sans but lucratif, responsable\/superviseur d\u2019une activit\u00e9 parascolaire au sein de leur \u00e9cole).<\/li>\n<\/ul>\n<\/li>\n\n\n\n<li>Les candidats doivent fournir les coordonn\u00e9es de leur entra\u00eeneur afin de discuter de la fa\u00e7on dont ils d\u00e9montrent les principes et les valeurs Maverick sur le terrain et \u00e0 l\u2019ext\u00e9rieur du terrain.<\/li>\n\n\n\n<li>Le candidat doit \u00eatre un(e) athl\u00e8te finissant(e) d\u2019une \u00e9cole secondaire de la r\u00e9gion d\u2019Ottawa.<\/li>\n\n\n\n<li><\/li>\n<\/ul>\n\n\n\n<p>Veuillez noter:<\/p>\n\n\n\n<ul class=\"wp-block-list\">\n<li>Qu\u2019il n\u2019est pas obligatoire de poursuivre la pratique d\u2019un sport interuniversitaire ou intercoll\u00e9gial au niveau postsecondaire.<\/li>\n<\/ul>\n\n\n\n<ul class=\"wp-block-list\">\n<li>Si le candidat ou la candidate a re\u00e7u une bourse d\u2019un coll\u00e8ge ou d\u2019une universit\u00e9 aux \u00c9tats-Unis, il ou elle n\u2019est pas admissible \u00e0 la bourse du MYOF.<\/li>\n<\/ul>\n\n\n\n<h3 class=\"wp-block-heading\" style=\"text-transform:uppercase\">Quelle est la date limite ?<\/h3>\n\n\n\n<p>Les candidatures ouvrent le 1er avril 2026 et la date limite est le 3 mai 2026 \u00e0 23 h 59.<\/p>\n\n\n\n<h3 class=\"wp-block-heading\" style=\"text-transform:uppercase\">Quand les laur\u00e9ats seront-ils annonc\u00e9s ?<\/h3>\n\n\n\n<p>Les laur\u00e9ats seront annonc\u00e9s lors du banquet de Maverick Volleyball le 6 juin 2026.<\/p>\n\n\n\n<div class=\"wp-block-buttons is-layout-flex wp-block-buttons-is-layout-flex\">\n<div class=\"wp-block-button\"><a class=\"wp-block-button__link has-black-color has-yellow-background-color has-text-color has-background has-link-color has-large-font-size has-custom-font-size wp-element-button\" href=\"https:\/\/maverickyouthfund.ca\/fr\/bourses-detudes\/laureats-precedents\/\">Anciens laur\u00e9ats<\/a><\/div>\n<\/div>\n\n\n\n<h3 class=\"wp-block-heading\" style=\"text-transform:uppercase\">Comment poser sa candidature ?<\/h3>\n\n\n\n<ul class=\"wp-block-list\">\n<li>Remplissez le formulaire de demande de bourse. Le comit\u00e9 de s\u00e9lection choisira le meilleur candidat ou la meilleure candidate pour chacune des bourses.Remplir le formulaire de demande de Bourse d&rsquo;excellence.<\/li>\n\n\n\n<li>T\u00e9l\u00e9versez des lettres de recommandation de personnes pouvant attester de votre excellence acad\u00e9mique et sportive, ainsi que de votre engagement communautaire. Votre entra\u00eeneur sera contact\u00e9 par le comit\u00e9 de s\u00e9lection afin de fournir une r\u00e9f\u00e9rence permettant d\u2019\u00e9valuer votre excellence sportive ainsi que la fa\u00e7on dont vous d\u00e9montrez les valeurs Maverick sur le terrain et \u00e0 l\u2019ext\u00e9rieur du terrain.<\/li>\n<\/ul>\n\n\n\n<div class=\"wp-block-columns is-layout-flex wp-container-core-columns-is-layout-28f84493 wp-block-columns-is-layout-flex\">\n<div class=\"wp-block-column is-layout-flow wp-block-column-is-layout-flow\" style=\"flex-basis:50%\">\n<div class=\"wp-block-buttons is-layout-flex wp-block-buttons-is-layout-flex\">\n<div class=\"wp-block-button\"><a class=\"wp-block-button__link has-black-color has-yellow-background-color has-text-color has-background has-link-color has-large-font-size has-custom-font-size wp-element-button\" href=\"https:\/\/maverickyouthfund.ca\/fr\/bourses-detudes\/bourse-dexcellence-formulaire-de-candidature\/\">Appliquer maintenant<\/a><\/div>\n<\/div>\n<\/div>\n\n\n\n<div class=\"wp-block-column is-layout-flow wp-block-column-is-layout-flow\" style=\"flex-basis:50%\">\n<div class=\"wp-block-group is-content-justification-right is-nowrap is-layout-flex wp-container-core-group-is-layout-17124a9a wp-block-group-is-layout-flex\"><a href=\"https:\/\/maverickyouthfund.ca\/fr\/faire-un-don\/\" class=\"mp-block-group-link mp-block hover-grow d-inline-block\">\n    <div class=\"acf-innerblocks-container\">\n\n<div class=\"wp-block-group has-yellow-background-color has-background is-layout-constrained wp-container-core-group-is-layout-bcc769d8 wp-block-group-is-layout-constrained\" style=\"padding-top:0rem;padding-right:0.5rem;padding-bottom:0rem;padding-left:0.5rem\">\n<div class=\"wp-block-group is-nowrap is-layout-flex wp-container-core-group-is-layout-f1189ed3 wp-block-group-is-layout-flex\">\n<div class=\"wp-block-group is-layout-constrained wp-block-group-is-layout-constrained\">\n<p class=\"has-text-align-center has-black-color has-text-color has-link-color wp-elements-185cff1834abaf26676e6f5903a56844\" style=\"margin-top:var(--wp--preset--spacing--20);margin-right:0;margin-bottom:0.1rem;margin-left:0;font-size:1em;font-style:normal;font-weight:900;text-transform:uppercase\">AIDEZ-NOUS \u00c0 AIDER LES JEUNES<\/p>\n\n\n\n<p class=\"has-text-align-center has-black-color has-text-color has-link-color wp-elements-f420f50154dfeb8cc902c13b3e571c4b\" style=\"margin-top:0;margin-right:0;margin-bottom:var(--wp--preset--spacing--40);margin-left:0;font-size:2.25em;font-style:normal;font-weight:900;text-transform:uppercase\">FAITES UN DON<\/p>\n<\/div>\n\n\n\n<div class=\"wp-block-group is-layout-constrained wp-container-core-group-is-layout-a719fb84 wp-block-group-is-layout-constrained\">\n<figure class=\"wp-block-image size-full\"><img loading=\"lazy\" decoding=\"async\" width=\"400\" height=\"665\" src=\"https:\/\/maverickyouthfund.ca\/wp-content\/uploads\/2024\/08\/caret-right-solid.png\" alt=\"\" class=\"wp-image-58\" srcset=\"https:\/\/maverickyouthfund.ca\/wp-content\/uploads\/2024\/08\/caret-right-solid.png 400w, https:\/\/maverickyouthfund.ca\/wp-content\/uploads\/2024\/08\/caret-right-solid-180x299.png 180w, https:\/\/maverickyouthfund.ca\/wp-content\/uploads\/2024\/08\/caret-right-solid-360x599.png 360w, https:\/\/maverickyouthfund.ca\/wp-content\/uploads\/2024\/08\/caret-right-solid-108x180.png 108w, https:\/\/maverickyouthfund.ca\/wp-content\/uploads\/2024\/08\/caret-right-solid-217x360.png 217w, https:\/\/maverickyouthfund.ca\/wp-content\/uploads\/2024\/08\/caret-right-solid-325x540.png 325w\" sizes=\"auto, (max-width: 400px) 100vw, 400px\" \/><\/figure>\n<\/div>\n<\/div>\n<\/div>\n\n<\/div>\n<\/a><\/div>\n<\/div>\n<\/div>\n\n\n\n<h2 class=\"wp-block-heading\" style=\"text-transform:uppercase\">Questions fr\u00e9quentes ?<\/h2>\n\n\n\n<p>N\u2019h\u00e9sitez pas \u00e0 envoyer vos questions \u00e0&nbsp;<a href=\"mailto:scholarship@maverickyouthfund.ca\">scholarship@maverickyouthfund.ca<\/a>&nbsp;et nous vous r\u00e9pondrons rapidement.<\/p>\n\n\n\n    \n    <div class=\"mp-block-faqs mp-block\">\n        <div class=\"faq-wrap\">\n                                           <div class=\"single-faq\">\n                                   <a href=\"#\" class=\"question-faq\">\n                        <span class=\"title\">\n                            <span class=\"toggle-icon plus\">+<\/span>\n                            <span class=\"toggle-icon minus\">&#8211;<\/span>\n                            Que se passe-t-il si je suis inscrit dans un \u00e9tablissement d&rsquo;enseignement sup\u00e9rieur am\u00e9ricain mais que je n&rsquo;ai re\u00e7u aucune bourse. Puis-je poser ma candidature ?                        <\/span>\n                    <\/a>\n                                                            <div class=\"answer-faq\">\n                        <p>Oui, vous pouvez poser votre candidature \u00e0 notre bourse si vous n&rsquo;avez pas re\u00e7u d&rsquo;aide financi\u00e8re (c&rsquo;est-\u00e0-dire de bourse) pour \u00e9tudier.<\/p>\n                    <\/div>\n                                    <\/div>\n                                           <div class=\"single-faq\">\n                                   <a href=\"#\" class=\"question-faq\">\n                        <span class=\"title\">\n                            <span class=\"toggle-icon plus\">+<\/span>\n                            <span class=\"toggle-icon minus\">&#8211;<\/span>\n                            Mes r\u00e9f\u00e9rences peuvent-elles soumettre leur lettre en fran\u00e7ais ou en anglais ?                        <\/span>\n                    <\/a>\n                                                            <div class=\"answer-faq\">\n                        <p>Oui, nous acceptons les lettres de recommandation en anglais ou en fran\u00e7ais.<\/p>\n                    <\/div>\n                                    <\/div>\n                                           <div class=\"single-faq\">\n                                   <a href=\"#\" class=\"question-faq\">\n                        <span class=\"title\">\n                            <span class=\"toggle-icon plus\">+<\/span>\n                            <span class=\"toggle-icon minus\">&#8211;<\/span>\n                            Que se passe-t-il si ma lettre de recommandation n&rsquo;arrive pas avant la date limite de d\u00e9p\u00f4t des candidatures. Dois-je quand m\u00eame soumettre ma candidature ?                        <\/span>\n                    <\/a>\n                                                            <div class=\"answer-faq\">\n                        <p>Oui, nous vous recommandons de soumettre votre candidature avant la date limite, m\u00eame si vous n&rsquo;avez pas re\u00e7u toutes vos lettres de recommandation. Cela peut toutefois avoir une incidence sur votre \u00e9valuation. Si vous les recevez peu apr\u00e8s la date limite, veuillez les envoyer directement \u00e0 <a href=\"mailto:scholarship@maverickyouthfund.ca\">scholarship@maverickyouthfund.ca<\/a>.<\/p>\n                    <\/div>\n                                    <\/div>\n                    <\/div>\n    <\/div>\n\n","protected":false},"excerpt":{"rendered":"<p>Pour fr\u00e9quenter un \u00e9tablissement d&rsquo;enseignement postsecondaire Avez-vous travaill\u00e9 fort pour \u00eatre un \u00e9l\u00e8ve, un athl\u00e8te et un b\u00e9n\u00e9vole exemplaire ? As-tu d\u00e9montr\u00e9 un leadership exceptionnel, de la r\u00e9silience, un esprit d\u2019\u00e9quipe et un engagement envers ton \u00e9quipe ? Nous savons qu&rsquo;il n&rsquo;est pas facile de jongler avec toutes les exigences de l&rsquo;\u00e9cole secondaire ! C&rsquo;est [&hellip;]<\/p>\n","protected":false},"author":1,"featured_media":0,"parent":0,"menu_order":0,"comment_status":"closed","ping_status":"closed","template":"","meta":{"_acf_changed":false,"footnotes":""},"class_list":["post-783","page","type-page","status-publish","hentry"],"acf":[],"_links":{"self":[{"href":"https:\/\/maverickyouthfund.ca\/fr\/wp-json\/wp\/v2\/pages\/783","targetHints":{"allow":["GET"]}}],"collection":[{"href":"https:\/\/maverickyouthfund.ca\/fr\/wp-json\/wp\/v2\/pages"}],"about":[{"href":"https:\/\/maverickyouthfund.ca\/fr\/wp-json\/wp\/v2\/types\/page"}],"author":[{"embeddable":true,"href":"https:\/\/maverickyouthfund.ca\/fr\/wp-json\/wp\/v2\/users\/1"}],"replies":[{"embeddable":true,"href":"https:\/\/maverickyouthfund.ca\/fr\/wp-json\/wp\/v2\/comments?post=783"}],"version-history":[{"count":25,"href":"https:\/\/maverickyouthfund.ca\/fr\/wp-json\/wp\/v2\/pages\/783\/revisions"}],"predecessor-version":[{"id":2716,"href":"https:\/\/maverickyouthfund.ca\/fr\/wp-json\/wp\/v2\/pages\/783\/revisions\/2716"}],"wp:attachment":[{"href":"https:\/\/maverickyouthfund.ca\/fr\/wp-json\/wp\/v2\/media?parent=783"}],"curies":[{"name":"wp","href":"https:\/\/api.w.org\/{rel}","templated":true}]}}