{"id":782,"date":"2024-08-16T17:37:23","date_gmt":"2024-08-16T21:37:23","guid":{"rendered":"https:\/\/maverickyouthfund.ca\/partnerships\/"},"modified":"2026-03-01T07:51:30","modified_gmt":"2026-03-01T12:51:30","slug":"partenariats","status":"publish","type":"page","link":"https:\/\/maverickyouthfund.ca\/fr\/partenariats\/","title":{"rendered":"Partenariats"},"content":{"rendered":"\n<h2 class=\"wp-block-heading\">Avoir un impact positif dans notre communaut\u00e9<\/h2>\n\n\n\n<p>Croyez-vous que la collaboration cr\u00e9e des opportunit\u00e9s ?<\/p>\n\n\n\n<p><strong>Vous n\u2019\u00eates pas seul !<\/strong><\/p>\n\n\n\n<p>Le Fonds Maverick Perspectives Jeunesse ( FMPJ ) valorise la puissance des partenariats et s&rsquo;engage \u00e0 collaborer avec tous nos partenaires \u2013 qu&rsquo;ils soient des entreprises, des gouvernements, des organisations \u00e0 but non lucratif, ou des individus \u2013 pour am\u00e9liorer notre communaut\u00e9 pour les&nbsp;g\u00e9n\u00e9rations&nbsp;\u00e0&nbsp;venir.<\/p>\n\n\n\n<div class=\"wp-block-columns is-layout-flex wp-container-core-columns-is-layout-f5a44f5b wp-block-columns-is-layout-flex\">\n<div class=\"wp-block-column is-layout-flow wp-block-column-is-layout-flow\">\n<h4 class=\"wp-block-heading\" id=\"partenaires-financiers\" style=\"text-transform:uppercase\">Nos partenaires financiers<\/h4>\n\n\n\n<p>Le FMPJ cherche des partenaires financiers qui s&rsquo;alignent avec notre mission et nos valeurs. Notre objectif est de cr\u00e9er des partenariats gagnants qui alimenteront les programmes et permettront aux jeunes de r\u00e9aliser leur&nbsp; plein&nbsp;potentiel.<\/p>\n<\/div>\n\n\n\n<div class=\"wp-block-column is-layout-flow wp-block-column-is-layout-flow\">\n<h4 class=\"wp-block-heading\" id=\"partenaires-communautaires\" style=\"text-transform:uppercase\">Nos partenaires communautaires<\/h4>\n\n\n\n<p>Le FMPJ valorise les partenariats avec des organisations \u00e9ligibles qui favorisent des relations \u00e0 long terme bas\u00e9es sur la confiance, le respect et des objectifs communs. Nous sommes ouverts aux opportunit\u00e9s de collaborer, d&rsquo;innover, et d&rsquo;avoir un impact collectif pour relever les d\u00e9fis complexes auxquels notre jeunesse est&nbsp;confront\u00e9e.<\/p>\n<\/div>\n<\/div>\n\n\n\n<h3 class=\"wp-block-heading has-text-align-center\">Nous sommes reconnaissants envers nos partenaires<\/h3>\n\n\n\n<p>Un grand merci \u00e0 tous nos partenaires qui croient vraiment au pouvoir du sport pour aider nos enfants \u00e0 atteindre de nouvelles&nbsp;opportunit\u00e9s&nbsp;!<\/p>\n\n\n\n<h6 class=\"wp-block-heading\">\ud83d\udce3 Nouveau partenariat avec Volleyball Canada et des organismes communautaires<\/h6>\n\n\n\n<p>Le Fonds Maverick Perspectives Jeunesse a le plaisir d\u2019annoncer qu\u2019il a re\u00e7u une subvention de 10 000 $ dans le cadre du programme Rise &amp; Rally administr\u00e9 par Volleyball Canada. Cette subvention est financ\u00e9e par le Gouvernement du Canada dans le cadre de l\u2019<a href=\"https:\/\/www.canada.ca\/fr\/patrimoine-canadien\/services\/financement\/soutien-sport\/initiative-sport-communautaire.html\" target=\"_blank\" rel=\"noreferrer noopener\">Initiative Le sport communautaire pour tous (ISCT)<\/a>, qui vise \u00e0 \u00e9liminer les obstacles et \u00e0 accro\u00eetre les taux de participation sportive chez les groupes sous-repr\u00e9sent\u00e9s.<\/p>\n\n\n\n<p>Le Fonds Maverick Perspectives Jeunesse (MYOF) s\u2019associera \u00e0 cinq organismes qui \u0153uvrent aupr\u00e8s de communaut\u00e9s marginalis\u00e9es \u00e0 Ottawa. Gr\u00e2ce \u00e0 cette g\u00e9n\u00e9reuse subvention, le MYOF fournira de l\u2019\u00e9quipement de volleyball de qualit\u00e9, des ateliers de volleyball pour les jeunes anim\u00e9s par des entra\u00eeneurs certifi\u00e9s PNCE du Maverick Volleyball, ainsi que des formations du PNCE et de Volleyball Canada, de m\u00eame que du mentorat et de l\u2019accompagnement pour les coordonnateurs de programmes<strong>. <\/strong><\/p>\n\n\n\n<p>Nous sommes ravis d\u2019annoncer les organismes suivants qui feront partie de cette initiative, dont : <\/p>\n\n\n\n<ul class=\"wp-block-list\">\n<li>BGC-Ottawa, <a href=\"https:\/\/www.bgcottawa.org\/locations\/don-mcgahan-clubhouse\">Don McGahan <\/a><a href=\"https:\/\/www.bgcottawa.org\/locations\/don-mcgahan-clubhouse\" target=\"_blank\" rel=\"noreferrer noopener\">Clubhouse<\/a><\/li>\n\n\n\n<li>BGC-Ottawa,  <a href=\"https:\/\/www.bgcottawa.org\/locations\/ron-kolbus-clubhouse\" target=\"_blank\" rel=\"noreferrer noopener\">Ron Kolbus Clubhouse<\/a><\/li>\n\n\n\n<li><a href=\"https:\/\/www.inuuqatigiit.ca\/\">Innuuqatigiit <\/a><a href=\"https:\/\/www.inuuqatigiit.ca\/\" target=\"_blank\" rel=\"noreferrer noopener\">Centre<\/a><\/li>\n\n\n\n<li><a href=\"https:\/\/ottawa.ca\/en\/recreation-and-parks\/facilities\/place-listing\/hunt-club-riverside-park-community-centre\" target=\"_blank\" rel=\"noreferrer noopener\">Hunt Club-Riverside Park Community Centre<\/a><\/li>\n\n\n\n<li><a href=\"https:\/\/sph.ocsb.ca\/\" target=\"_blank\" rel=\"noreferrer noopener\">St. Patrick&rsquo;s High School<\/a><\/li>\n<\/ul>\n\n\n\n<p>Pour plus d&rsquo;e renseignments&rsquo;information, <a href=\"mailto:partnership@maverickyouthfund.ca\" target=\"_blank\" rel=\"noreferrer noopener\">partnership@maverickyouthfund.ca<\/a>.<\/p>\n\n\n\n<div class=\"wp-block-columns is-layout-flex wp-container-core-columns-is-layout-28f84493 wp-block-columns-is-layout-flex\">\n<div class=\"wp-block-column is-layout-flow wp-block-column-is-layout-flow\" style=\"flex-basis:33.33%\">\n<figure class=\"wp-block-image aligncenter size-full is-resized\"><img loading=\"lazy\" decoding=\"async\" width=\"400\" height=\"406\" src=\"https:\/\/maverickyouthfund.ca\/wp-content\/uploads\/2026\/02\/VC.jpg\" alt=\"\" class=\"wp-image-2413\" style=\"aspect-ratio:0.985234403839055;width:143px;height:auto\" srcset=\"https:\/\/maverickyouthfund.ca\/wp-content\/uploads\/2026\/02\/VC.jpg 400w, https:\/\/maverickyouthfund.ca\/wp-content\/uploads\/2026\/02\/VC-296x300.jpg 296w, https:\/\/maverickyouthfund.ca\/wp-content\/uploads\/2026\/02\/VC-180x183.jpg 180w, https:\/\/maverickyouthfund.ca\/wp-content\/uploads\/2026\/02\/VC-360x365.jpg 360w, https:\/\/maverickyouthfund.ca\/wp-content\/uploads\/2026\/02\/VC-177x180.jpg 177w, https:\/\/maverickyouthfund.ca\/wp-content\/uploads\/2026\/02\/VC-355x360.jpg 355w\" sizes=\"auto, (max-width: 400px) 100vw, 400px\" \/><\/figure>\n<\/div>\n\n\n\n<div class=\"wp-block-column is-vertically-aligned-center is-layout-flow wp-block-column-is-layout-flow\" style=\"flex-basis:66.66%\">\n<figure class=\"wp-block-image aligncenter size-large\"><img loading=\"lazy\" decoding=\"async\" width=\"1024\" height=\"105\" src=\"https:\/\/maverickyouthfund.ca\/wp-content\/uploads\/2026\/02\/2li_FrEn_Wordmark_C-1024x105.png\" alt=\"\" class=\"wp-image-2411\" srcset=\"https:\/\/maverickyouthfund.ca\/wp-content\/uploads\/2026\/02\/2li_FrEn_Wordmark_C-1024x105.png 1024w, https:\/\/maverickyouthfund.ca\/wp-content\/uploads\/2026\/02\/2li_FrEn_Wordmark_C-300x31.png 300w, https:\/\/maverickyouthfund.ca\/wp-content\/uploads\/2026\/02\/2li_FrEn_Wordmark_C-768x78.png 768w, https:\/\/maverickyouthfund.ca\/wp-content\/uploads\/2026\/02\/2li_FrEn_Wordmark_C-180x18.png 180w, https:\/\/maverickyouthfund.ca\/wp-content\/uploads\/2026\/02\/2li_FrEn_Wordmark_C-360x37.png 360w, https:\/\/maverickyouthfund.ca\/wp-content\/uploads\/2026\/02\/2li_FrEn_Wordmark_C-540x55.png 540w, https:\/\/maverickyouthfund.ca\/wp-content\/uploads\/2026\/02\/2li_FrEn_Wordmark_C-720x74.png 720w, https:\/\/maverickyouthfund.ca\/wp-content\/uploads\/2026\/02\/2li_FrEn_Wordmark_C.png 1469w\" sizes=\"auto, (max-width: 1024px) 100vw, 1024px\" \/><\/figure>\n<\/div>\n<\/div>\n\n\n\n<hr class=\"wp-block-separator has-alpha-channel-opacity\"\/>\n\n\n\n<div class=\"wp-block-group is-layout-flex wp-container-core-group-is-layout-c5a8d2a1 wp-block-group-is-layout-flex\">\n<figure class=\"wp-block-image alignleft size-full is-resized\"><a href=\"https:\/\/maverickvolleyball.ca\/\" target=\"_blank\" rel=\"noreferrer noopener\"><img loading=\"lazy\" decoding=\"async\" width=\"848\" height=\"800\" src=\"https:\/\/maverickyouthfund.ca\/wp-content\/uploads\/2024\/08\/mavs_logo_new_light.png\" alt=\"Maverick Volleyball\" class=\"wp-image-121\" style=\"width:160px\" srcset=\"https:\/\/maverickyouthfund.ca\/wp-content\/uploads\/2024\/08\/mavs_logo_new_light.png 848w, https:\/\/maverickyouthfund.ca\/wp-content\/uploads\/2024\/08\/mavs_logo_new_light-300x283.png 300w, https:\/\/maverickyouthfund.ca\/wp-content\/uploads\/2024\/08\/mavs_logo_new_light-768x725.png 768w, https:\/\/maverickyouthfund.ca\/wp-content\/uploads\/2024\/08\/mavs_logo_new_light-180x170.png 180w, https:\/\/maverickyouthfund.ca\/wp-content\/uploads\/2024\/08\/mavs_logo_new_light-360x340.png 360w, https:\/\/maverickyouthfund.ca\/wp-content\/uploads\/2024\/08\/mavs_logo_new_light-540x509.png 540w, https:\/\/maverickyouthfund.ca\/wp-content\/uploads\/2024\/08\/mavs_logo_new_light-720x679.png 720w, https:\/\/maverickyouthfund.ca\/wp-content\/uploads\/2024\/08\/mavs_logo_new_light-191x180.png 191w, https:\/\/maverickyouthfund.ca\/wp-content\/uploads\/2024\/08\/mavs_logo_new_light-382x360.png 382w, https:\/\/maverickyouthfund.ca\/wp-content\/uploads\/2024\/08\/mavs_logo_new_light-572x540.png 572w, https:\/\/maverickyouthfund.ca\/wp-content\/uploads\/2024\/08\/mavs_logo_new_light-763x720.png 763w\" sizes=\"auto, (max-width: 848px) 100vw, 848px\" \/><\/a><\/figure>\n\n\n\n<figure class=\"wp-block-image size-full is-resized\"><a href=\"https:\/\/mediaplusadvertising.com\/\" target=\"_blank\" rel=\"noreferrer noopener\"><img loading=\"lazy\" decoding=\"async\" width=\"530\" height=\"130\" src=\"https:\/\/maverickyouthfund.ca\/wp-content\/uploads\/2024\/10\/mediaplus-logo.png\" alt=\"Mediaplus Advertising\" class=\"wp-image-1031\" style=\"width:240px\" srcset=\"https:\/\/maverickyouthfund.ca\/wp-content\/uploads\/2024\/10\/mediaplus-logo.png 530w, https:\/\/maverickyouthfund.ca\/wp-content\/uploads\/2024\/10\/mediaplus-logo-300x74.png 300w, https:\/\/maverickyouthfund.ca\/wp-content\/uploads\/2024\/10\/mediaplus-logo-180x44.png 180w, https:\/\/maverickyouthfund.ca\/wp-content\/uploads\/2024\/10\/mediaplus-logo-360x88.png 360w\" sizes=\"auto, (max-width: 530px) 100vw, 530px\" \/><\/a><\/figure>\n\n\n\n<figure class=\"wp-block-image size-full is-resized\"><a href=\"https:\/\/www.cicadacreative.com\/\" target=\"_blank\" rel=\"noreferrer noopener\"><img loading=\"lazy\" decoding=\"async\" width=\"1000\" height=\"740\" src=\"https:\/\/maverickyouthfund.ca\/wp-content\/uploads\/2024\/10\/Cicada-Logo.png\" alt=\"Cicada Creative\" class=\"wp-image-1033\" style=\"width:160px\" srcset=\"https:\/\/maverickyouthfund.ca\/wp-content\/uploads\/2024\/10\/Cicada-Logo.png 1000w, https:\/\/maverickyouthfund.ca\/wp-content\/uploads\/2024\/10\/Cicada-Logo-300x222.png 300w, https:\/\/maverickyouthfund.ca\/wp-content\/uploads\/2024\/10\/Cicada-Logo-768x568.png 768w, https:\/\/maverickyouthfund.ca\/wp-content\/uploads\/2024\/10\/Cicada-Logo-180x133.png 180w, https:\/\/maverickyouthfund.ca\/wp-content\/uploads\/2024\/10\/Cicada-Logo-360x266.png 360w, https:\/\/maverickyouthfund.ca\/wp-content\/uploads\/2024\/10\/Cicada-Logo-540x400.png 540w, https:\/\/maverickyouthfund.ca\/wp-content\/uploads\/2024\/10\/Cicada-Logo-720x533.png 720w, https:\/\/maverickyouthfund.ca\/wp-content\/uploads\/2024\/10\/Cicada-Logo-243x180.png 243w, https:\/\/maverickyouthfund.ca\/wp-content\/uploads\/2024\/10\/Cicada-Logo-486x360.png 486w, https:\/\/maverickyouthfund.ca\/wp-content\/uploads\/2024\/10\/Cicada-Logo-730x540.png 730w, https:\/\/maverickyouthfund.ca\/wp-content\/uploads\/2024\/10\/Cicada-Logo-973x720.png 973w\" sizes=\"auto, (max-width: 1000px) 100vw, 1000px\" \/><\/a><\/figure>\n<\/div>\n\n\n\n<div style=\"height:2em\" aria-hidden=\"true\" class=\"wp-block-spacer\"><\/div>\n\n\n\n<h4 class=\"wp-block-heading\">Vous souhaitez devenir partenaire ?<\/h4>\n\n\n\n<div class=\"wp-block-columns is-layout-flex wp-container-core-columns-is-layout-28f84493 wp-block-columns-is-layout-flex\">\n<div class=\"wp-block-column is-layout-flow wp-block-column-is-layout-flow\" style=\"flex-basis:50%\">\n<div class=\"wp-block-buttons is-layout-flex wp-block-buttons-is-layout-flex\">\n<div class=\"wp-block-button\"><a class=\"wp-block-button__link has-black-color has-yellow-background-color has-text-color has-background has-link-color has-large-font-size has-custom-font-size wp-element-button\" href=\"https:\/\/maverickyouthfund.ca\/fr\/contactez-nous\/\">Dites-nous en plus&nbsp;sur <br>la fa\u00e7on dont nous&nbsp;pouvons <br>travailler ensemble<\/a><\/div>\n<\/div>\n<\/div>\n\n\n\n<div class=\"wp-block-column is-vertically-aligned-bottom is-layout-flow wp-block-column-is-layout-flow\" style=\"flex-basis:50%\">\n<div class=\"wp-block-group is-content-justification-right is-nowrap is-layout-flex wp-container-core-group-is-layout-17124a9a wp-block-group-is-layout-flex\"><a href=\"https:\/\/maverickyouthfund.ca\/fr\/faire-un-don\/\" class=\"mp-block-group-link mp-block hover-grow d-inline-block\">\n    <div class=\"acf-innerblocks-container\">\n\n<div class=\"wp-block-group has-yellow-background-color has-background is-layout-constrained wp-container-core-group-is-layout-bcc769d8 wp-block-group-is-layout-constrained\" style=\"padding-top:0rem;padding-right:0.5rem;padding-bottom:0rem;padding-left:0.5rem\">\n<div class=\"wp-block-group is-nowrap is-layout-flex wp-container-core-group-is-layout-f1189ed3 wp-block-group-is-layout-flex\">\n<div class=\"wp-block-group is-layout-constrained wp-block-group-is-layout-constrained\">\n<p class=\"has-text-align-center has-black-color has-text-color has-link-color wp-elements-185cff1834abaf26676e6f5903a56844\" style=\"margin-top:var(--wp--preset--spacing--20);margin-right:0;margin-bottom:0.1rem;margin-left:0;font-size:1em;font-style:normal;font-weight:900;text-transform:uppercase\">AIDEZ-NOUS \u00c0 AIDER LES JEUNES<\/p>\n\n\n\n<p class=\"has-text-align-center has-black-color has-text-color has-link-color wp-elements-f420f50154dfeb8cc902c13b3e571c4b\" style=\"margin-top:0;margin-right:0;margin-bottom:var(--wp--preset--spacing--40);margin-left:0;font-size:2.25em;font-style:normal;font-weight:900;text-transform:uppercase\">FAITES UN DON<\/p>\n<\/div>\n\n\n\n<div class=\"wp-block-group is-layout-constrained wp-container-core-group-is-layout-a719fb84 wp-block-group-is-layout-constrained\">\n<figure class=\"wp-block-image size-full\"><img loading=\"lazy\" decoding=\"async\" width=\"400\" height=\"665\" src=\"https:\/\/maverickyouthfund.ca\/wp-content\/uploads\/2024\/08\/caret-right-solid.png\" alt=\"\" class=\"wp-image-58\" srcset=\"https:\/\/maverickyouthfund.ca\/wp-content\/uploads\/2024\/08\/caret-right-solid.png 400w, https:\/\/maverickyouthfund.ca\/wp-content\/uploads\/2024\/08\/caret-right-solid-180x299.png 180w, https:\/\/maverickyouthfund.ca\/wp-content\/uploads\/2024\/08\/caret-right-solid-360x599.png 360w, https:\/\/maverickyouthfund.ca\/wp-content\/uploads\/2024\/08\/caret-right-solid-108x180.png 108w, https:\/\/maverickyouthfund.ca\/wp-content\/uploads\/2024\/08\/caret-right-solid-217x360.png 217w, https:\/\/maverickyouthfund.ca\/wp-content\/uploads\/2024\/08\/caret-right-solid-325x540.png 325w\" sizes=\"auto, (max-width: 400px) 100vw, 400px\" \/><\/figure>\n<\/div>\n<\/div>\n<\/div>\n\n<\/div>\n<\/a><\/div>\n<\/div>\n<\/div>\n\n\n\n<div style=\"height:1em\" aria-hidden=\"true\" class=\"wp-block-spacer\"><\/div>\n\n\n\n<h2 class=\"wp-block-heading\" style=\"text-transform:uppercase\">Questions fr\u00e9quentes ?<\/h2>\n\n\n\n<p>N\u2019h\u00e9sitez pas \u00e0 envoyer vos questions \u00e0&nbsp;<a href=\"mailto:partnership@maverickyouthfund.ca\">partnership@maverickyouthfund.ca<\/a>&nbsp;et nous vous r\u00e9pondrons rapidement.<\/p>\n\n\n\n    \n    <div class=\"mp-block-faqs mp-block\">\n        <div class=\"faq-wrap\">\n                                           <div class=\"single-faq\">\n                                   <a href=\"#\" class=\"question-faq\">\n                        <span class=\"title\">\n                            <span class=\"toggle-icon plus\">+<\/span>\n                            <span class=\"toggle-icon minus\">&#8211;<\/span>\n                            Qu&rsquo;est-ce qu&rsquo;une organisation \u00e9ligible ?                        <\/span>\n                    <\/a>\n                                                            <div class=\"answer-faq\">\n                        <p>Une organisation communautaire \u00e9ligible peut inclure des organismes de bienfaisance enregistr\u00e9s, des associations canadiennes enregistr\u00e9es de sport amateur, des organisations nationales des arts reconnues, et d\u2019autres <a href=\"https:\/\/www.canada.ca\/fr\/agence-revenu\/services\/organismes-bienfaisance-dons\/liste-organismes-bienfaisance\/liste-organismes-bienfaisance-autres-donataires-reconnus.html\" target=\"_blank\" rel=\"noopener\">donataires qualifi\u00e9s d\u00e9finis par la Loi de l\u2019imp\u00f4t sur le revenu<\/a>.<\/p>\n                    <\/div>\n                                    <\/div>\n                                           <div class=\"single-faq\">\n                                   <a href=\"#\" class=\"question-faq\">\n                        <span class=\"title\">\n                            <span class=\"toggle-icon plus\">+<\/span>\n                            <span class=\"toggle-icon minus\">&#8211;<\/span>\n                            Comment les partenariats communautaires sont-ils d\u00e9termin\u00e9s ?                        <\/span>\n                    <\/a>\n                                                            <div class=\"answer-faq\">\n                        <p>Avant d&rsquo;\u00e9tablir un partenariat et\/ou d\u2019apporter une contribution \u00e0 une organisation communautaire \u00e9ligible, nous \u00e9valuerons la mission, les objectifs et les activit\u00e9s de l&rsquo;organisation pour assurer leur alignement avec la vision, la mission et les valeurs du FMPJ.<\/p>\n                    <\/div>\n                                    <\/div>\n                                           <div class=\"single-faq\">\n                                   <a href=\"#\" class=\"question-faq\">\n                        <span class=\"title\">\n                            <span class=\"toggle-icon plus\">+<\/span>\n                            <span class=\"toggle-icon minus\">&#8211;<\/span>\n                            Quels types de contributions sont possibles ?                        <\/span>\n                    <\/a>\n                                                            <div class=\"answer-faq\">\n                        <ul>\n<li>Les contributions peuvent prendre diff\u00e9rentes formes, y compris des dons mon\u00e9taires, des subventions, des parrainages, des contributions en nature ou d&rsquo;autres formes de soutien jug\u00e9es appropri\u00e9es.<\/li>\n<li>La forme sp\u00e9cifique de la contribution est d\u00e9termin\u00e9e en fonction des besoins, de la nature du projet ou de l&rsquo;initiative soutenue, et des pr\u00e9f\u00e9rences des deux parties.<\/li>\n<\/ul>\n                    <\/div>\n                                    <\/div>\n                    <\/div>\n    <\/div>\n\n","protected":false},"excerpt":{"rendered":"<p>Avoir un impact positif dans notre communaut\u00e9 Croyez-vous que la collaboration cr\u00e9e des opportunit\u00e9s ? Vous n\u2019\u00eates pas seul ! Le Fonds Maverick Perspectives Jeunesse ( FMPJ ) valorise la puissance des partenariats et s&rsquo;engage \u00e0 collaborer avec tous nos partenaires \u2013 qu&rsquo;ils soient des entreprises, des gouvernements, des organisations \u00e0 but non lucratif, ou [&hellip;]<\/p>\n","protected":false},"author":1,"featured_media":0,"parent":0,"menu_order":0,"comment_status":"closed","ping_status":"closed","template":"","meta":{"_acf_changed":false,"footnotes":""},"class_list":["post-782","page","type-page","status-publish","hentry"],"acf":[],"_links":{"self":[{"href":"https:\/\/maverickyouthfund.ca\/fr\/wp-json\/wp\/v2\/pages\/782","targetHints":{"allow":["GET"]}}],"collection":[{"href":"https:\/\/maverickyouthfund.ca\/fr\/wp-json\/wp\/v2\/pages"}],"about":[{"href":"https:\/\/maverickyouthfund.ca\/fr\/wp-json\/wp\/v2\/types\/page"}],"author":[{"embeddable":true,"href":"https:\/\/maverickyouthfund.ca\/fr\/wp-json\/wp\/v2\/users\/1"}],"replies":[{"embeddable":true,"href":"https:\/\/maverickyouthfund.ca\/fr\/wp-json\/wp\/v2\/comments?post=782"}],"version-history":[{"count":23,"href":"https:\/\/maverickyouthfund.ca\/fr\/wp-json\/wp\/v2\/pages\/782\/revisions"}],"predecessor-version":[{"id":2543,"href":"https:\/\/maverickyouthfund.ca\/fr\/wp-json\/wp\/v2\/pages\/782\/revisions\/2543"}],"wp:attachment":[{"href":"https:\/\/maverickyouthfund.ca\/fr\/wp-json\/wp\/v2\/media?parent=782"}],"curies":[{"name":"wp","href":"https:\/\/api.w.org\/{rel}","templated":true}]}}