{"id":781,"date":"2024-08-15T18:13:24","date_gmt":"2024-08-15T22:13:24","guid":{"rendered":"https:\/\/maverickyouthfund.ca\/home\/"},"modified":"2024-10-01T15:46:58","modified_gmt":"2024-10-01T19:46:58","slug":"home","status":"publish","type":"page","link":"https:\/\/maverickyouthfund.ca\/fr\/","title":{"rendered":"Accueil"},"content":{"rendered":"\n<h1 class=\"wp-block-heading\" style=\"text-transform:uppercase\">Notre vision<\/h1>\n\n\n\n<h2 class=\"wp-block-heading\">Une communaut\u00e9 g\u00e9n\u00e9r\u00e9e par des jeunes exceptionnels<\/h2>\n\n\n\n<div class=\"wp-block-columns is-layout-flex wp-container-core-columns-is-layout-28f84493 wp-block-columns-is-layout-flex\">\n<div class=\"wp-block-column is-layout-flow wp-block-column-is-layout-flow\">\n<p>Le Fonds Maverick Perspectives Jeunesse croit au pouvoir du sport pour enseigner des comp\u00e9tences essentielles en mati\u00e8re de vie et de leadership qui permettent aux jeunes d&rsquo;atteindre leur plein potentiel.<\/p>\n<\/div>\n\n\n\n<div class=\"wp-block-column is-layout-flow wp-block-column-is-layout-flow\">\n<p>Nous travaillerons sans rel\u00e2che pour que chaque jeune ait acc\u00e8s au soutien dont il a besoin pour \u00eatre confiant, r\u00e9silient et capable de cr\u00e9er ses propres possibilit\u00e9s &#8211; \u00e0 la fois sur et en dehors du terrain !<\/p>\n<\/div>\n<\/div>\n\n\n\n<div class=\"wp-block-columns d-block d-lg-flex is-layout-flex wp-container-core-columns-is-layout-d2da2050 wp-block-columns-is-layout-flex\" style=\"margin-bottom:0\">\n<div class=\"wp-block-column d-flex flex-column is-layout-flow wp-block-column-is-layout-flow\">\n<div class=\"wp-block-columns d-block d-md-flex flex-fill is-layout-flex wp-container-core-columns-is-layout-d2da2050 wp-block-columns-is-layout-flex\" style=\"margin-bottom:0\">\n<div class=\"wp-block-column d-flex flex-column w-75 w-md-100 mt-3 mb-md-0 mx-auto mx-md-0 has-grey-lightest-background-color has-background is-layout-flow wp-block-column-is-layout-flow\">\n<figure class=\"wp-block-image size-full m-0\"><a href=\"https:\/\/maverickyouthfund.ca\/fr\/laide-financiere\/\"><img loading=\"lazy\" decoding=\"async\" width=\"600\" height=\"450\" src=\"https:\/\/maverickyouthfund.ca\/wp-content\/uploads\/2024\/08\/financial-assistance-graphic.png\" alt=\"L\u2019aide financi\u00e8re\" class=\"wp-image-49\" srcset=\"https:\/\/maverickyouthfund.ca\/wp-content\/uploads\/2024\/08\/financial-assistance-graphic.png 600w, https:\/\/maverickyouthfund.ca\/wp-content\/uploads\/2024\/08\/financial-assistance-graphic-300x225.png 300w, https:\/\/maverickyouthfund.ca\/wp-content\/uploads\/2024\/08\/financial-assistance-graphic-180x135.png 180w, https:\/\/maverickyouthfund.ca\/wp-content\/uploads\/2024\/08\/financial-assistance-graphic-360x270.png 360w, https:\/\/maverickyouthfund.ca\/wp-content\/uploads\/2024\/08\/financial-assistance-graphic-540x405.png 540w, https:\/\/maverickyouthfund.ca\/wp-content\/uploads\/2024\/08\/financial-assistance-graphic-240x180.png 240w, https:\/\/maverickyouthfund.ca\/wp-content\/uploads\/2024\/08\/financial-assistance-graphic-480x360.png 480w\" sizes=\"auto, (max-width: 600px) 100vw, 600px\" \/><\/a><\/figure>\n\n\n\n<div class=\"wp-block-group flex-fill align-content-center has-blue-background-color has-background is-layout-flow wp-block-group-is-layout-flow\" style=\"margin-top:0;margin-bottom:0;padding-top:var(--wp--preset--spacing--60);padding-right:var(--wp--preset--spacing--40);padding-bottom:var(--wp--preset--spacing--60);padding-left:var(--wp--preset--spacing--40)\">\n<h3 class=\"wp-block-heading has-text-align-center has-black-color has-text-color has-link-color wp-elements-c2e52f7fb19ae0bd7310cc813c115955\" style=\"text-transform:uppercase\"><a href=\"https:\/\/maverickyouthfund.ca\/fr\/laide-financiere\/\" data-type=\"page\" data-id=\"776\">L\u2019aide <\/a><br><a href=\"https:\/\/maverickyouthfund.ca\/fr\/laide-financiere\/\" data-type=\"page\" data-id=\"776\">financi\u00e8re<\/a> <\/h3>\n<\/div>\n<\/div>\n\n\n\n<div class=\"wp-block-column d-flex flex-column w-75 w-md-100 mt-3 mb-md-0 mx-auto mx-md-0 has-grey-lightest-background-color has-background is-layout-flow wp-block-column-is-layout-flow\">\n<figure class=\"wp-block-image size-full m-0\"><a href=\"https:\/\/maverickyouthfund.ca\/fr\/bourses-detudes\/\"><img loading=\"lazy\" decoding=\"async\" width=\"600\" height=\"450\" src=\"https:\/\/maverickyouthfund.ca\/wp-content\/uploads\/2024\/08\/scholarships-graphic.png\" alt=\"Bourses d\u2019\u00e9tudes \" class=\"wp-image-51\" srcset=\"https:\/\/maverickyouthfund.ca\/wp-content\/uploads\/2024\/08\/scholarships-graphic.png 600w, https:\/\/maverickyouthfund.ca\/wp-content\/uploads\/2024\/08\/scholarships-graphic-300x225.png 300w, https:\/\/maverickyouthfund.ca\/wp-content\/uploads\/2024\/08\/scholarships-graphic-180x135.png 180w, https:\/\/maverickyouthfund.ca\/wp-content\/uploads\/2024\/08\/scholarships-graphic-360x270.png 360w, https:\/\/maverickyouthfund.ca\/wp-content\/uploads\/2024\/08\/scholarships-graphic-540x405.png 540w, https:\/\/maverickyouthfund.ca\/wp-content\/uploads\/2024\/08\/scholarships-graphic-240x180.png 240w, https:\/\/maverickyouthfund.ca\/wp-content\/uploads\/2024\/08\/scholarships-graphic-480x360.png 480w\" sizes=\"auto, (max-width: 600px) 100vw, 600px\" \/><\/a><\/figure>\n\n\n\n<div class=\"wp-block-group flex-fill align-content-center has-yellow-background-color has-background is-layout-flow wp-block-group-is-layout-flow\" style=\"margin-top:0;margin-bottom:0;padding-top:var(--wp--preset--spacing--60);padding-right:var(--wp--preset--spacing--40);padding-bottom:var(--wp--preset--spacing--60);padding-left:var(--wp--preset--spacing--40)\">\n<h3 class=\"wp-block-heading has-text-align-center has-black-color has-text-color has-link-color wp-elements-09b5897830b72e45ac67cd1c74cc76b5\" style=\"text-transform:uppercase\"><a href=\"https:\/\/maverickyouthfund.ca\/fr\/bourses-detudes\/\" data-type=\"page\" data-id=\"783\">Bourses<\/a><br> <a href=\"https:\/\/maverickyouthfund.ca\/fr\/bourses-detudes\/\" data-type=\"page\" data-id=\"783\">d\u2019\u00e9tudes<\/a> <\/h3>\n<\/div>\n<\/div>\n<\/div>\n<\/div>\n\n\n\n<div class=\"wp-block-column d-flex flex-column my-0 is-layout-flow wp-block-column-is-layout-flow\">\n<div class=\"wp-block-columns d-block d-md-flex flex-fill is-layout-flex wp-container-core-columns-is-layout-d2da2050 wp-block-columns-is-layout-flex\" style=\"margin-bottom:0\">\n<div class=\"wp-block-column d-flex flex-column w-75 w-md-100 mt-3 mb-md-0 mx-auto mx-md-0 has-grey-lightest-background-color has-background is-layout-flow wp-block-column-is-layout-flow\">\n<figure class=\"wp-block-image size-full m-0\"><a href=\"https:\/\/maverickyouthfund.ca\/fr\/programme-de-competences-essentielles\/\"><img loading=\"lazy\" decoding=\"async\" width=\"600\" height=\"450\" src=\"https:\/\/maverickyouthfund.ca\/wp-content\/uploads\/2024\/08\/essential-skills-training-graphic.png\" alt=\"Programme de comp\u00e9tences essentielles\" class=\"wp-image-48\" srcset=\"https:\/\/maverickyouthfund.ca\/wp-content\/uploads\/2024\/08\/essential-skills-training-graphic.png 600w, https:\/\/maverickyouthfund.ca\/wp-content\/uploads\/2024\/08\/essential-skills-training-graphic-300x225.png 300w, https:\/\/maverickyouthfund.ca\/wp-content\/uploads\/2024\/08\/essential-skills-training-graphic-180x135.png 180w, https:\/\/maverickyouthfund.ca\/wp-content\/uploads\/2024\/08\/essential-skills-training-graphic-360x270.png 360w, https:\/\/maverickyouthfund.ca\/wp-content\/uploads\/2024\/08\/essential-skills-training-graphic-540x405.png 540w, https:\/\/maverickyouthfund.ca\/wp-content\/uploads\/2024\/08\/essential-skills-training-graphic-240x180.png 240w, https:\/\/maverickyouthfund.ca\/wp-content\/uploads\/2024\/08\/essential-skills-training-graphic-480x360.png 480w\" sizes=\"auto, (max-width: 600px) 100vw, 600px\" \/><\/a><\/figure>\n\n\n\n<div class=\"wp-block-group flex-fill align-content-center has-green-background-color has-background is-layout-flow wp-block-group-is-layout-flow\" style=\"margin-top:0;margin-bottom:0;padding-top:var(--wp--preset--spacing--60);padding-right:var(--wp--preset--spacing--40);padding-bottom:var(--wp--preset--spacing--60);padding-left:var(--wp--preset--spacing--40)\">\n<h3 class=\"wp-block-heading has-text-align-center has-black-color has-text-color has-link-color wp-elements-93c4c6136982c99b8326a4f5f846b7f0\" style=\"text-transform:uppercase\"><a href=\"https:\/\/maverickyouthfund.ca\/fr\/programme-de-competences-essentielles\/\" data-type=\"page\" data-id=\"780\">Programme de <\/a><br><a href=\"https:\/\/maverickyouthfund.ca\/fr\/programme-de-competences-essentielles\/\" data-type=\"page\" data-id=\"780\">comp\u00e9tences<\/a><br><a href=\"https:\/\/maverickyouthfund.ca\/fr\/programme-de-competences-essentielles\/\" data-type=\"page\" data-id=\"780\">essentielles<\/a><\/h3>\n<\/div>\n<\/div>\n\n\n\n<div class=\"wp-block-column d-flex flex-column w-75 w-md-100 mt-3 mb-md-0 mx-auto mx-md-0 has-grey-lightest-background-color has-background is-layout-flow wp-block-column-is-layout-flow\">\n<figure class=\"wp-block-image size-full m-0\"><a href=\"https:\/\/maverickyouthfund.ca\/fr\/partenariats\/\"><img loading=\"lazy\" decoding=\"async\" width=\"600\" height=\"450\" src=\"https:\/\/maverickyouthfund.ca\/wp-content\/uploads\/2024\/08\/partnerships-graphic.png\" alt=\"Partenariats\" class=\"wp-image-50\" srcset=\"https:\/\/maverickyouthfund.ca\/wp-content\/uploads\/2024\/08\/partnerships-graphic.png 600w, https:\/\/maverickyouthfund.ca\/wp-content\/uploads\/2024\/08\/partnerships-graphic-300x225.png 300w, https:\/\/maverickyouthfund.ca\/wp-content\/uploads\/2024\/08\/partnerships-graphic-180x135.png 180w, https:\/\/maverickyouthfund.ca\/wp-content\/uploads\/2024\/08\/partnerships-graphic-360x270.png 360w, https:\/\/maverickyouthfund.ca\/wp-content\/uploads\/2024\/08\/partnerships-graphic-540x405.png 540w, https:\/\/maverickyouthfund.ca\/wp-content\/uploads\/2024\/08\/partnerships-graphic-240x180.png 240w, https:\/\/maverickyouthfund.ca\/wp-content\/uploads\/2024\/08\/partnerships-graphic-480x360.png 480w\" sizes=\"auto, (max-width: 600px) 100vw, 600px\" \/><\/a><\/figure>\n\n\n\n<div class=\"wp-block-group flex-fill align-content-center has-orange-background-color has-background is-layout-flow wp-block-group-is-layout-flow\" style=\"margin-top:0;margin-bottom:0;padding-top:var(--wp--preset--spacing--60);padding-right:var(--wp--preset--spacing--40);padding-bottom:var(--wp--preset--spacing--60);padding-left:var(--wp--preset--spacing--40)\">\n<h3 class=\"wp-block-heading has-text-align-center has-black-color has-text-color has-link-color wp-elements-91984a08f66ab52563c4d8b4b16b2111\" style=\"text-transform:uppercase\"><a href=\"https:\/\/maverickyouthfund.ca\/fr\/partenariats\/\" data-type=\"page\" data-id=\"782\">Partenariats<\/a><\/h3>\n<\/div>\n<\/div>\n<\/div>\n<\/div>\n<\/div>\n","protected":false},"excerpt":{"rendered":"<p>Notre vision Une communaut\u00e9 g\u00e9n\u00e9r\u00e9e par des jeunes exceptionnels Le Fonds Maverick Perspectives Jeunesse croit au pouvoir du sport pour enseigner des comp\u00e9tences essentielles en mati\u00e8re de vie et de leadership qui permettent aux jeunes d&rsquo;atteindre leur plein potentiel. Nous travaillerons sans rel\u00e2che pour que chaque jeune ait acc\u00e8s au soutien dont il a besoin [&hellip;]<\/p>\n","protected":false},"author":1,"featured_media":0,"parent":0,"menu_order":0,"comment_status":"closed","ping_status":"closed","template":"","meta":{"_acf_changed":false,"footnotes":""},"class_list":["post-781","page","type-page","status-publish","hentry"],"acf":[],"_links":{"self":[{"href":"https:\/\/maverickyouthfund.ca\/fr\/wp-json\/wp\/v2\/pages\/781","targetHints":{"allow":["GET"]}}],"collection":[{"href":"https:\/\/maverickyouthfund.ca\/fr\/wp-json\/wp\/v2\/pages"}],"about":[{"href":"https:\/\/maverickyouthfund.ca\/fr\/wp-json\/wp\/v2\/types\/page"}],"author":[{"embeddable":true,"href":"https:\/\/maverickyouthfund.ca\/fr\/wp-json\/wp\/v2\/users\/1"}],"replies":[{"embeddable":true,"href":"https:\/\/maverickyouthfund.ca\/fr\/wp-json\/wp\/v2\/comments?post=781"}],"version-history":[{"count":6,"href":"https:\/\/maverickyouthfund.ca\/fr\/wp-json\/wp\/v2\/pages\/781\/revisions"}],"predecessor-version":[{"id":1007,"href":"https:\/\/maverickyouthfund.ca\/fr\/wp-json\/wp\/v2\/pages\/781\/revisions\/1007"}],"wp:attachment":[{"href":"https:\/\/maverickyouthfund.ca\/fr\/wp-json\/wp\/v2\/media?parent=781"}],"curies":[{"name":"wp","href":"https:\/\/api.w.org\/{rel}","templated":true}]}}