{"id":780,"date":"2024-08-16T17:36:47","date_gmt":"2024-08-16T21:36:47","guid":{"rendered":"https:\/\/maverickyouthfund.ca\/essential-skills-program\/"},"modified":"2024-10-15T11:05:16","modified_gmt":"2024-10-15T15:05:16","slug":"programme-de-competences-essentielles","status":"publish","type":"page","link":"https:\/\/maverickyouthfund.ca\/fr\/programme-de-competences-essentielles\/","title":{"rendered":"Programme de comp\u00e9tences essentielles"},"content":{"rendered":"\n<h2 class=\"wp-block-heading\">Autonomiser les jeunes pour r\u00e9ussir<\/h2>\n\n\n\n<p>Avez-vous un programme qui enseigne des comp\u00e9tences essentielles aux jeunes ? Avez-vous besoin de fonds suppl\u00e9mentaires pour vous aider \u00e0 le mettre en place ?<\/p>\n\n\n\n<p>Le Fonds Maverick Perspectives Jeunesse (FMPJ) aimerait en savoir plus ! Nous sommes pr\u00eats \u00e0 investir dans des programmes professionnels et ax\u00e9s sur les r\u00e9sultats qui permettent aux jeunes de r\u00e9ussir dans leur vie quotidienne et les inspirent \u00e0 contribuer de mani\u00e8re significative et positive \u00e0 leur communaut\u00e9.<\/p>\n\n\n\n<p>Par exemple, nous nous int\u00e9ressons aux programmes qui enseignent aux jeunes \u00e0 :<\/p>\n\n\n\n<ul class=\"wp-block-list\">\n<li>Renforcer leurs comp\u00e9tences en leadership et leur confiance en eux ;<\/li>\n\n\n\n<li>Am\u00e9liorer leurs capacit\u00e9s de travail d\u2019\u00e9quipe, de coop\u00e9ration et de communication ;<\/li>\n\n\n\n<li>D\u00e9velopper leur litt\u00e9ratie physique et leurs habitudes de vie saine ;<\/li>\n\n\n\n<li>\u00catre plus conscients des strat\u00e9gies de sant\u00e9 mentale et de bien-\u00eatre ;<\/li>\n\n\n\n<li>D\u00e9velopper des connexions communautaires et la responsabilit\u00e9 sociale ;<\/li>\n\n\n\n<li>\u00catre une influence positive dans leurs \u00e9coles et leurs \u00e9quipes en \u00e9tant plus conscients des enjeux sociaux et des strat\u00e9gies pour les surmonter ; ou<\/li>\n\n\n\n<li>Toute autre comp\u00e9tence dont ils ont besoin pour faire face aux d\u00e9fis auxquels nos jeunes sont confront\u00e9s !<\/li>\n<\/ul>\n\n\n\n<h3 class=\"wp-block-heading\">Comment participer ?<\/h3>\n\n\n\n<p>Si votre organisation travaille avec des jeunes et souhaite obtenir une aide financi\u00e8re pour leur offrir une formation aux comp\u00e9tences essentielles, contactez-nous \u00e0 <a href=\"mailto:partnership@maverickyouthfund.ca\">partnership@maverickyouthfund.ca<\/a>.<\/p>\n\n\n\n<div class=\"wp-block-columns is-layout-flex wp-container-core-columns-is-layout-28f84493 wp-block-columns-is-layout-flex\">\n<div class=\"wp-block-column is-layout-flow wp-block-column-is-layout-flow\" style=\"flex-basis:50%\">\n<div class=\"wp-block-buttons is-layout-flex wp-block-buttons-is-layout-flex\">\n<div class=\"wp-block-button has-custom-font-size has-large-font-size\"><a class=\"wp-block-button__link has-black-color has-yellow-background-color has-text-color has-background has-link-color wp-element-button\" href=\"https:\/\/maverickyouthfund.ca\/fr\/contactez-nous\/\">Parlez-nous de<br>votre programme&nbsp;!<\/a><\/div>\n<\/div>\n<\/div>\n\n\n\n<div class=\"wp-block-column is-layout-flow wp-block-column-is-layout-flow\" style=\"flex-basis:50%\">\n<div class=\"wp-block-group is-content-justification-right is-nowrap is-layout-flex wp-container-core-group-is-layout-17124a9a wp-block-group-is-layout-flex\"><a href=\"https:\/\/maverickyouthfund.ca\/fr\/faire-un-don\/\" class=\"mp-block-group-link mp-block hover-grow d-inline-block\">\n    <div class=\"acf-innerblocks-container\">\n\n<div class=\"wp-block-group has-yellow-background-color has-background is-layout-constrained wp-container-core-group-is-layout-bcc769d8 wp-block-group-is-layout-constrained\" style=\"padding-top:0rem;padding-right:0.5rem;padding-bottom:0rem;padding-left:0.5rem\">\n<div class=\"wp-block-group is-nowrap is-layout-flex wp-container-core-group-is-layout-f1189ed3 wp-block-group-is-layout-flex\">\n<div class=\"wp-block-group is-layout-constrained wp-block-group-is-layout-constrained\">\n<p class=\"has-text-align-center has-black-color has-text-color has-link-color wp-elements-185cff1834abaf26676e6f5903a56844\" style=\"margin-top:var(--wp--preset--spacing--20);margin-right:0;margin-bottom:0.1rem;margin-left:0;font-size:1em;font-style:normal;font-weight:900;text-transform:uppercase\">AIDEZ-NOUS \u00c0 AIDER LES JEUNES<\/p>\n\n\n\n<p class=\"has-text-align-center has-black-color has-text-color has-link-color wp-elements-f420f50154dfeb8cc902c13b3e571c4b\" style=\"margin-top:0;margin-right:0;margin-bottom:var(--wp--preset--spacing--40);margin-left:0;font-size:2.25em;font-style:normal;font-weight:900;text-transform:uppercase\">FAITES UN DON<\/p>\n<\/div>\n\n\n\n<div class=\"wp-block-group is-layout-constrained wp-container-core-group-is-layout-a719fb84 wp-block-group-is-layout-constrained\">\n<figure class=\"wp-block-image size-full\"><img loading=\"lazy\" decoding=\"async\" width=\"400\" height=\"665\" src=\"https:\/\/maverickyouthfund.ca\/wp-content\/uploads\/2024\/08\/caret-right-solid.png\" alt=\"\" class=\"wp-image-58\" srcset=\"https:\/\/maverickyouthfund.ca\/wp-content\/uploads\/2024\/08\/caret-right-solid.png 400w, https:\/\/maverickyouthfund.ca\/wp-content\/uploads\/2024\/08\/caret-right-solid-180x299.png 180w, https:\/\/maverickyouthfund.ca\/wp-content\/uploads\/2024\/08\/caret-right-solid-360x599.png 360w, https:\/\/maverickyouthfund.ca\/wp-content\/uploads\/2024\/08\/caret-right-solid-108x180.png 108w, https:\/\/maverickyouthfund.ca\/wp-content\/uploads\/2024\/08\/caret-right-solid-217x360.png 217w, https:\/\/maverickyouthfund.ca\/wp-content\/uploads\/2024\/08\/caret-right-solid-325x540.png 325w\" sizes=\"auto, (max-width: 400px) 100vw, 400px\" \/><\/figure>\n<\/div>\n<\/div>\n<\/div>\n\n<\/div>\n<\/a><\/div>\n<\/div>\n<\/div>\n","protected":false},"excerpt":{"rendered":"<p>Autonomiser les jeunes pour r\u00e9ussir Avez-vous un programme qui enseigne des comp\u00e9tences essentielles aux jeunes ? Avez-vous besoin de fonds suppl\u00e9mentaires pour vous aider \u00e0 le mettre en place ? Le Fonds Maverick Perspectives Jeunesse (FMPJ) aimerait en savoir plus ! Nous sommes pr\u00eats \u00e0 investir dans des programmes professionnels et ax\u00e9s sur les r\u00e9sultats [&hellip;]<\/p>\n","protected":false},"author":1,"featured_media":0,"parent":0,"menu_order":0,"comment_status":"closed","ping_status":"closed","template":"","meta":{"_acf_changed":false,"footnotes":""},"class_list":["post-780","page","type-page","status-publish","hentry"],"acf":[],"_links":{"self":[{"href":"https:\/\/maverickyouthfund.ca\/fr\/wp-json\/wp\/v2\/pages\/780","targetHints":{"allow":["GET"]}}],"collection":[{"href":"https:\/\/maverickyouthfund.ca\/fr\/wp-json\/wp\/v2\/pages"}],"about":[{"href":"https:\/\/maverickyouthfund.ca\/fr\/wp-json\/wp\/v2\/types\/page"}],"author":[{"embeddable":true,"href":"https:\/\/maverickyouthfund.ca\/fr\/wp-json\/wp\/v2\/users\/1"}],"replies":[{"embeddable":true,"href":"https:\/\/maverickyouthfund.ca\/fr\/wp-json\/wp\/v2\/comments?post=780"}],"version-history":[{"count":9,"href":"https:\/\/maverickyouthfund.ca\/fr\/wp-json\/wp\/v2\/pages\/780\/revisions"}],"predecessor-version":[{"id":1188,"href":"https:\/\/maverickyouthfund.ca\/fr\/wp-json\/wp\/v2\/pages\/780\/revisions\/1188"}],"wp:attachment":[{"href":"https:\/\/maverickyouthfund.ca\/fr\/wp-json\/wp\/v2\/media?parent=780"}],"curies":[{"name":"wp","href":"https:\/\/api.w.org\/{rel}","templated":true}]}}