{"id":779,"date":"2024-08-23T15:43:01","date_gmt":"2024-08-23T19:43:01","guid":{"rendered":"https:\/\/maverickyouthfund.ca\/contact-us\/"},"modified":"2025-11-06T16:55:33","modified_gmt":"2025-11-06T21:55:33","slug":"contactez-nous","status":"publish","type":"page","link":"https:\/\/maverickyouthfund.ca\/fr\/contactez-nous\/","title":{"rendered":"Contactez-nous"},"content":{"rendered":"\n<h2 class=\"wp-block-heading\">Nous serions ravis de vous entendre<\/h2>\n\n\n\n<p>Si vous souhaitez vous associer \u00e0 nous pour aider les jeunes de notre communaut\u00e9, nous serions ravis de vous entendre. Nous vous promettons de vous r\u00e9pondre d\u00e8s que possible !<\/p>\n\n\n\n<p><a href=\"https:\/\/lp.constantcontactpages.com\/sl\/6RgZ7qY\/MYOF\">Abonnez-vous \u00e0 notre infolettre trimestrielle<\/a> <span class=\"wp-rich-text-font-awesome-icon wp-font-awesome-icon\"><svg aria-hidden=\"true\" focusable=\"false\" data-prefix=\"fas\" data-icon=\"pen-to-square\" class=\"svg-inline--fa fa-pen-to-square \" role=\"img\" xmlns=\"http:\/\/www.w3.org\/2000\/svg\" viewBox=\"0 0 512 512\"><path fill=\"currentColor\" d=\"M471.6 21.7c-21.9-21.9-57.3-21.9-79.2 0L362.3 51.7l97.9 97.9 30.1-30.1c21.9-21.9 21.9-57.3 0-79.2L471.6 21.7zm-299.2 220c-6.1 6.1-10.8 13.6-13.5 21.9l-29.6 88.8c-2.9 8.6-.6 18.1 5.8 24.6s15.9 8.7 24.6 5.8l88.8-29.6c8.2-2.7 15.7-7.4 21.9-13.5L437.7 172.3 339.7 74.3 172.4 241.7zM96 64C43 64 0 107 0 160L0 416c0 53 43 96 96 96l256 0c53 0 96-43 96-96l0-96c0-17.7-14.3-32-32-32s-32 14.3-32 32l0 96c0 17.7-14.3 32-32 32L96 448c-17.7 0-32-14.3-32-32l0-256c0-17.7 14.3-32 32-32l96 0c17.7 0 32-14.3 32-32s-14.3-32-32-32L96 64z\"><\/path><\/svg><\/span> afin de recevoir des nouvelles r\u00e9guli\u00e8res sur nos progr\u00e8s, et  nous suivre sur nos r\u00e9seaux sociaux ( <span class=\"wp-rich-text-font-awesome-icon wp-font-awesome-icon\"><svg aria-hidden=\"true\" focusable=\"false\" data-prefix=\"fas\" data-icon=\"hand-point-down\" class=\"svg-inline--fa fa-hand-point-down \" role=\"img\" xmlns=\"http:\/\/www.w3.org\/2000\/svg\" viewBox=\"0 0 384 512\"><path fill=\"currentColor\" d=\"M32 480c0 17.7 14.3 32 32 32s32-14.3 32-32l0-208-64 0 0 208zM224 320c0 17.7 14.3 32 32 32s32-14.3 32-32l0-64c0-17.7-14.3-32-32-32s-32 14.3-32 32l0 64zm-64 64c17.7 0 32-14.3 32-32l0-48c0-17.7-14.3-32-32-32s-32 14.3-32 32l0 48c0 17.7 14.3 32 32 32zm160-96c0 17.7 14.3 32 32 32s32-14.3 32-32l0-64c0-17.7-14.3-32-32-32s-32 14.3-32 32l0 64zm-96-88l0 .6c9.4-5.4 20.3-8.6 32-8.6c13.2 0 25.4 4 35.6 10.8c8.7-24.9 32.5-42.8 60.4-42.8c11.7 0 22.6 3.1 32 8.6l0-8.6C384 71.6 312.4 0 224 0L162.3 0C119.8 0 79.1 16.9 49.1 46.9L37.5 58.5C13.5 82.5 0 115.1 0 149l0 27c0 35.3 28.7 64 64 64l88 0c22.1 0 40-17.9 40-40s-17.9-40-40-40l-56 0c-8.8 0-16-7.2-16-16s7.2-16 16-16l56 0c39.8 0 72 32.2 72 72z\"><\/path><\/svg><\/span> voir les liens dans le pied de page ci-dessous ).<\/p>\n\n\n<p class=\"wpcf7-contact-form-not-found\"><strong>Erreur\u00a0:<\/strong> Formulaire de contact non trouv\u00e9\u00a0!<\/p>\n","protected":false},"excerpt":{"rendered":"<p>Nous serions ravis de vous entendre Si vous souhaitez vous associer \u00e0 nous pour aider les jeunes de notre communaut\u00e9, nous serions ravis de vous entendre. Nous vous promettons de vous r\u00e9pondre d\u00e8s que possible ! Abonnez-vous \u00e0 notre infolettre trimestrielle afin de recevoir des nouvelles r\u00e9guli\u00e8res sur nos progr\u00e8s, et nous suivre sur nos [&hellip;]<\/p>\n","protected":false},"author":1,"featured_media":0,"parent":0,"menu_order":0,"comment_status":"closed","ping_status":"closed","template":"","meta":{"_acf_changed":false,"footnotes":""},"class_list":["post-779","page","type-page","status-publish","hentry"],"acf":[],"_links":{"self":[{"href":"https:\/\/maverickyouthfund.ca\/fr\/wp-json\/wp\/v2\/pages\/779","targetHints":{"allow":["GET"]}}],"collection":[{"href":"https:\/\/maverickyouthfund.ca\/fr\/wp-json\/wp\/v2\/pages"}],"about":[{"href":"https:\/\/maverickyouthfund.ca\/fr\/wp-json\/wp\/v2\/types\/page"}],"author":[{"embeddable":true,"href":"https:\/\/maverickyouthfund.ca\/fr\/wp-json\/wp\/v2\/users\/1"}],"replies":[{"embeddable":true,"href":"https:\/\/maverickyouthfund.ca\/fr\/wp-json\/wp\/v2\/comments?post=779"}],"version-history":[{"count":5,"href":"https:\/\/maverickyouthfund.ca\/fr\/wp-json\/wp\/v2\/pages\/779\/revisions"}],"predecessor-version":[{"id":2183,"href":"https:\/\/maverickyouthfund.ca\/fr\/wp-json\/wp\/v2\/pages\/779\/revisions\/2183"}],"wp:attachment":[{"href":"https:\/\/maverickyouthfund.ca\/fr\/wp-json\/wp\/v2\/media?parent=779"}],"curies":[{"name":"wp","href":"https:\/\/api.w.org\/{rel}","templated":true}]}}