{"id":778,"date":"2024-08-16T17:34:12","date_gmt":"2024-08-16T21:34:12","guid":{"rendered":"https:\/\/maverickyouthfund.ca\/about-us\/"},"modified":"2026-03-01T07:09:33","modified_gmt":"2026-03-01T12:09:33","slug":"a-propos","status":"publish","type":"page","link":"https:\/\/maverickyouthfund.ca\/fr\/a-propos\/","title":{"rendered":"\u00c0 propos"},"content":{"rendered":"\n<h2 class=\"wp-block-heading\" id=\"notre-histoire\">NOTRE HISTOIRE<\/h2>\n\n\n\n<div class=\"wp-block-columns is-layout-flex wp-container-core-columns-is-layout-28f84493 wp-block-columns-is-layout-flex\">\n<div class=\"wp-block-column is-layout-flow wp-block-column-is-layout-flow\">\n<p class=\"text-justify\">Fonds Maverick Perspectives Jeunesse a \u00e9t\u00e9 lanc\u00e9 en 2024 en tant qu&rsquo;initiative sp\u00e9ciale du Club de volley-ball Maverick pour marquer son 40e anniversaire et son engagement de longue date envers la communaut\u00e9 du volley-ball \u00e0 Ottawa. Depuis sa cr\u00e9ation, le Club a \u00e9volu\u00e9 pour devenir un programme de volley-ball de premier plan dans la r\u00e9gion, la province et le pays, reconnu pour ses athl\u00e8tes remarquables et ses programmes r\u00e9cr\u00e9atifs, comp\u00e9titifs et de haute performance.<\/p>\n\n\n\n<p class=\"text-justify\">Au d\u00e9but, la philanthropie du Club \u00e9tait tr\u00e8s informelle et consistait en des dons g\u00e9n\u00e9reusement offerts aux athl\u00e8tes par le pr\u00e9sident et fondateur du Club, Kerry MacLean, et plusieurs de ses entra\u00eeneurs. Ces dons \u00e9taient distribu\u00e9s \u00e0 des joueurs talentueux qui avaient besoin d&rsquo;une aide financi\u00e8re pour pratiquer le sport qu&rsquo;ils aimaient tous : le volley-ball !<\/p>\n<\/div>\n\n\n\n<div class=\"wp-block-column is-layout-flow wp-block-column-is-layout-flow\">\n<p class=\"text-justify\">En 2015, un comit\u00e9 de trois personnes a \u00e9t\u00e9 cr\u00e9\u00e9, appel\u00e9 Maverick Benevolent Fund. Ce comit\u00e9 a mis en \u0153uvre plusieurs \u00e9tapes pour rendre le processus de demande plus accessible et plus formel. Depuis sa cr\u00e9ation, le Maverick Benevolent Fund a re\u00e7u des dons du Club, des entra\u00eeneurs et d&rsquo;autres g\u00e9n\u00e9reux donateurs. Depuis 2015, il a vers\u00e9 70 000 dollars \u00e0 plus de 50 athl\u00e8tes qui ont d\u00e9montr\u00e9 un besoin financier pour participer aux programmes des Mavericks. Comme la demande de financement augmentait chaque ann\u00e9e, le Club a r\u00e9alis\u00e9 qu&rsquo;il devait am\u00e9liorer ses collectes de fonds afin d&rsquo;aider les jeunes athl\u00e8tes de la r\u00e9gion de la capitale nationale \u00e0 prosp\u00e9rer dans l&rsquo;environnement difficile d&rsquo;aujourd&rsquo;hui. Comme beaucoup d&rsquo;autres organisations, COVID a mis l&rsquo;accent sur les avantages incroyables du sport pour aider les jeunes \u00e0 aborder les questions de sant\u00e9 mentale, d&rsquo;inclusion sociale, de sant\u00e9 et de bien-\u00eatre, d&rsquo;aptitudes \u00e0 la vie quotidienne, et tout simplement de plaisir actif !<\/p>\n<\/div>\n\n\n\n<div class=\"wp-block-column is-layout-flow wp-block-column-is-layout-flow\">\n<p class=\"text-justify\">En septembre 2024, le Fonds Maverick Perspectives Jeunesse deviendra un organisme de bienfaisance enregistr\u00e9. Ce nouvel organisme de bienfaisance aidera \u00e0 recueillir des fonds et \u00e0 investir dans des programmes qui aideront non seulement les athl\u00e8tes Maverick, mais aussi tous les jeunes de la r\u00e9gion d&rsquo;Ottawa, \u00e0 pratiquer n&rsquo;importe quel sport qu&rsquo;ils aiment et \u00e0 devenir une force positive dans leur communaut\u00e9 gr\u00e2ce \u00e0 une formation essentielle sur les aptitudes \u00e0 la vie quotidienne et le leadership !<\/p>\n\n\n\n<figure class=\"wp-block-image aligncenter size-full is-resized\"><img loading=\"lazy\" decoding=\"async\" width=\"848\" height=\"800\" src=\"https:\/\/maverickyouthfund.ca\/wp-content\/uploads\/2024\/08\/mavs_logo_new_light.png\" alt=\"Maverick Volleyball\" class=\"wp-image-121\" style=\"width:300px\" srcset=\"https:\/\/maverickyouthfund.ca\/wp-content\/uploads\/2024\/08\/mavs_logo_new_light.png 848w, https:\/\/maverickyouthfund.ca\/wp-content\/uploads\/2024\/08\/mavs_logo_new_light-300x283.png 300w, https:\/\/maverickyouthfund.ca\/wp-content\/uploads\/2024\/08\/mavs_logo_new_light-768x725.png 768w, https:\/\/maverickyouthfund.ca\/wp-content\/uploads\/2024\/08\/mavs_logo_new_light-180x170.png 180w, https:\/\/maverickyouthfund.ca\/wp-content\/uploads\/2024\/08\/mavs_logo_new_light-360x340.png 360w, https:\/\/maverickyouthfund.ca\/wp-content\/uploads\/2024\/08\/mavs_logo_new_light-540x509.png 540w, https:\/\/maverickyouthfund.ca\/wp-content\/uploads\/2024\/08\/mavs_logo_new_light-720x679.png 720w, https:\/\/maverickyouthfund.ca\/wp-content\/uploads\/2024\/08\/mavs_logo_new_light-191x180.png 191w, https:\/\/maverickyouthfund.ca\/wp-content\/uploads\/2024\/08\/mavs_logo_new_light-382x360.png 382w, https:\/\/maverickyouthfund.ca\/wp-content\/uploads\/2024\/08\/mavs_logo_new_light-572x540.png 572w, https:\/\/maverickyouthfund.ca\/wp-content\/uploads\/2024\/08\/mavs_logo_new_light-763x720.png 763w\" sizes=\"auto, (max-width: 848px) 100vw, 848px\" \/><\/figure>\n\n\n\n<div class=\"wp-block-buttons is-content-justification-center is-layout-flex wp-container-core-buttons-is-layout-a89b3969 wp-block-buttons-is-layout-flex\">\n<div class=\"wp-block-button\"><a class=\"wp-block-button__link has-large-font-size has-custom-font-size wp-element-button\" href=\"https:\/\/maverickvolleyball.ca\/\" target=\"_blank\" rel=\"noreferrer noopener\">Voir le site Web<\/a><\/div>\n<\/div>\n<\/div>\n<\/div>\n\n\n\n<div style=\"height:0.5em\" aria-hidden=\"true\" class=\"wp-block-spacer\"><\/div>\n\n\n\n<div class=\"wp-block-columns is-layout-flex wp-container-core-columns-is-layout-20fdb6be wp-block-columns-is-layout-flex\" id=\"notre-vision\" style=\"margin-top:var(--wp--preset--spacing--50);margin-bottom:var(--wp--preset--spacing--50)\">\n<div class=\"wp-block-column is-vertically-aligned-center is-layout-flow wp-block-column-is-layout-flow\" style=\"flex-basis:150px\">\n<figure class=\"wp-block-image size-full is-resized\"><img loading=\"lazy\" decoding=\"async\" width=\"300\" height=\"300\" src=\"https:\/\/maverickyouthfund.ca\/wp-content\/uploads\/2024\/08\/our-vision-icon.png\" alt=\"Notre vision\" class=\"wp-image-134\" style=\"width:150px\" srcset=\"https:\/\/maverickyouthfund.ca\/wp-content\/uploads\/2024\/08\/our-vision-icon.png 300w, https:\/\/maverickyouthfund.ca\/wp-content\/uploads\/2024\/08\/our-vision-icon-150x150.png 150w, https:\/\/maverickyouthfund.ca\/wp-content\/uploads\/2024\/08\/our-vision-icon-180x180.png 180w\" sizes=\"auto, (max-width: 300px) 100vw, 300px\" \/><\/figure>\n<\/div>\n\n\n\n<div class=\"wp-block-column is-vertically-aligned-center is-layout-flow wp-block-column-is-layout-flow\" style=\"flex-basis:66.66%\">\n<h2 class=\"wp-block-heading\" style=\"margin-top:0;text-transform:uppercase\">Notre vision<\/h2>\n\n\n\n<p><strong>Une communaut\u00e9 plus forte construite par des jeunes exceptionnels.<\/strong><\/p>\n<\/div>\n<\/div>\n\n\n\n<div class=\"wp-block-columns is-layout-flex wp-container-core-columns-is-layout-093de55c wp-block-columns-is-layout-flex\" id=\"notre-mission\" style=\"margin-top:var(--wp--preset--spacing--50);margin-bottom:var(--wp--preset--spacing--50);padding-top:0;padding-bottom:0\">\n<div class=\"wp-block-column is-vertically-aligned-center is-layout-flow wp-block-column-is-layout-flow\" style=\"flex-basis:150px\">\n<figure class=\"wp-block-image size-full is-resized\"><img loading=\"lazy\" decoding=\"async\" width=\"300\" height=\"300\" src=\"https:\/\/maverickyouthfund.ca\/wp-content\/uploads\/2024\/08\/our-mission-icon.png\" alt=\"Notre mission\" class=\"wp-image-132\" style=\"width:150px\" srcset=\"https:\/\/maverickyouthfund.ca\/wp-content\/uploads\/2024\/08\/our-mission-icon.png 300w, https:\/\/maverickyouthfund.ca\/wp-content\/uploads\/2024\/08\/our-mission-icon-150x150.png 150w, https:\/\/maverickyouthfund.ca\/wp-content\/uploads\/2024\/08\/our-mission-icon-180x180.png 180w\" sizes=\"auto, (max-width: 300px) 100vw, 300px\" \/><\/figure>\n<\/div>\n\n\n\n<div class=\"wp-block-column is-vertically-aligned-center is-layout-flow wp-block-column-is-layout-flow\" style=\"flex-basis:66.66%\">\n<h2 class=\"wp-block-heading\" style=\"margin-top:0;text-transform:uppercase\">Notre mission<\/h2>\n\n\n\n<p><strong>Investir dans des opportunit\u00e9s qui transforment et autonomisent les jeunes pour qu&rsquo;ils atteignent&nbsp;leurs&nbsp;aspirations<\/strong><\/p>\n<\/div>\n<\/div>\n\n\n\n<div class=\"wp-block-columns is-layout-flex wp-container-core-columns-is-layout-20fdb6be wp-block-columns-is-layout-flex\" id=\"nos-valeurs\" style=\"margin-top:var(--wp--preset--spacing--50);margin-bottom:var(--wp--preset--spacing--50)\">\n<div class=\"wp-block-column is-vertically-aligned-center is-layout-flow wp-block-column-is-layout-flow\" style=\"flex-basis:150px\">\n<figure class=\"wp-block-image size-full is-resized\"><img loading=\"lazy\" decoding=\"async\" width=\"300\" height=\"300\" src=\"https:\/\/maverickyouthfund.ca\/wp-content\/uploads\/2024\/08\/our-values-icon.png\" alt=\"Nos valeurs\" class=\"wp-image-133\" style=\"width:150px\" srcset=\"https:\/\/maverickyouthfund.ca\/wp-content\/uploads\/2024\/08\/our-values-icon.png 300w, https:\/\/maverickyouthfund.ca\/wp-content\/uploads\/2024\/08\/our-values-icon-150x150.png 150w, https:\/\/maverickyouthfund.ca\/wp-content\/uploads\/2024\/08\/our-values-icon-180x180.png 180w\" sizes=\"auto, (max-width: 300px) 100vw, 300px\" \/><\/figure>\n<\/div>\n\n\n\n<div class=\"wp-block-column is-vertically-aligned-center is-layout-flow wp-block-column-is-layout-flow\" style=\"flex-basis:66.66%\">\n<h2 class=\"wp-block-heading\" style=\"margin-top:0;text-transform:uppercase\">Nos valeurs<\/h2>\n\n\n\n<p><strong>Le respect : <\/strong>Nous respectons les id\u00e9es personnelles, les diff\u00e9rences, les cultures, les croyances, les comp\u00e9tences&nbsp;et&nbsp;les&nbsp;opinions.<br><strong>Passion :<\/strong> Nous servons notre communaut\u00e9 de Maverick et de jeunes avec un sens aigu&nbsp;de&nbsp;l&rsquo;engagement.<br><strong>L&rsquo;\u00e9quit\u00e9 :<\/strong> Nous garantissons un environnement s\u00fbr, accueillant et impartial, fond\u00e9&nbsp;sur&nbsp;l&rsquo;inclusion.<br><strong>Progressivit\u00e9 :<\/strong> Nous favorisons une culture innovante avec des solutions avant-gardistes qui renforcent la gentillesse et la bienveillance dans les actions et&nbsp;les&nbsp;pens\u00e9es.<br><strong>D\u00e9vouement :<\/strong> Nous sommes engag\u00e9s et loyaux envers nos objectifs, nos valeurs, nos relations et nos responsabilit\u00e9s, et nous travaillons avec diligence pour atteindre nos objectifs et relever&nbsp;les&nbsp;d\u00e9fis.<br><strong>Travail d&rsquo;\u00e9quipe :<\/strong> Nous travaillons en collaboration avec toutes les parties prenantes afin de renforcer l&rsquo;impact et l&rsquo;efficacit\u00e9 de nos programmes au sein de&nbsp;notre&nbsp;communaut\u00e9.<br><span style=\"color: rgb(0, 0, 0); font-size: medium; white-space-collapse: collapse;\"><\/span><\/p>\n<\/div>\n<\/div>\n\n\n\n<h2 class=\"wp-block-heading\" id=\"notre-conseil-d-administration\" style=\"text-transform:uppercase\">Notre conseil d&rsquo;administration<\/h2>\n\n\n\n<p>Notre conseil d&rsquo;administration est compos\u00e9 d\u2019individus qui ont fait l&rsquo;exp\u00e9rience directe du pouvoir du sport dans le d\u00e9veloppement d&rsquo;un caract\u00e8re remarquable. Nous sommes tous des athl\u00e8tes, des entra\u00eeneurs ou des parents d&rsquo;enfants qui ont particip\u00e9 au Maverick Volleyball Club. Nous appr\u00e9cions le sport et nous sommes reconnaissants envers tous les entra\u00eeneurs et le club qui ont enseign\u00e9 les valeurs de la discipline, de l&rsquo;int\u00e9grit\u00e9, du travail d&rsquo;\u00e9quipe, de la fixation d&rsquo;objectifs, de la responsabilit\u00e9 communautaire et bien d&rsquo;autres choses encore.<\/p>\n\n\n<div class=\"mp-block-board-members mp-block\">\n    <div class=\"board-members row\">\n                    <div class=\"board-member col-6 col-md-4 col-lg-3 mb-4 d-flex\">\n                <div class=\"board-member-inner d-flex flex-fill flex-column\">\n\t\t\t\t\t                    <a href=\"https:\/\/maverickyouthfund.ca\/fr\/board-member\/sheila-roy\/\">\n                        <img decoding=\"async\" width=\"100%\" src=\"https:\/\/maverickyouthfund.ca\/wp-content\/uploads\/2024\/09\/Sheila-Roy-scaled-aspect-ratio-1-1-540x540.jpg\" alt=\"Sheila Roy\">\n                    <\/a>\n                    <div class=\"board-member-content d-flex flex-fill flex-column\">\n                        <h3>Sheila Roy<\/h3>\n                        <h4 class=\"flex-fill\">Pr\u00e9sidente<\/h4>\n                        <a href=\"https:\/\/maverickyouthfund.ca\/fr\/board-member\/sheila-roy\/\" class=\"board-member-link\">Voir la bio<\/a>\n                    <\/div>\n                <\/div>\n            <\/div>\n                    <div class=\"board-member col-6 col-md-4 col-lg-3 mb-4 d-flex\">\n                <div class=\"board-member-inner d-flex flex-fill flex-column\">\n\t\t\t\t\t                    <a href=\"https:\/\/maverickyouthfund.ca\/fr\/board-member\/judi-shum-mousseau\/\">\n                        <img decoding=\"async\" width=\"100%\" src=\"https:\/\/maverickyouthfund.ca\/wp-content\/uploads\/2024\/08\/judi-mousseau-enlarged-aspect-ratio-1-1-540x540.jpg\" alt=\"Judi Shum-Mousseau\">\n                    <\/a>\n                    <div class=\"board-member-content d-flex flex-fill flex-column\">\n                        <h3>Judi Shum-Mousseau<\/h3>\n                        <h4 class=\"flex-fill\">Vice-pr\u00e9sidente<\/h4>\n                        <a href=\"https:\/\/maverickyouthfund.ca\/fr\/board-member\/judi-shum-mousseau\/\" class=\"board-member-link\">Voir la bio<\/a>\n                    <\/div>\n                <\/div>\n            <\/div>\n                    <div class=\"board-member col-6 col-md-4 col-lg-3 mb-4 d-flex\">\n                <div class=\"board-member-inner d-flex flex-fill flex-column\">\n\t\t\t\t\t                    <a href=\"https:\/\/maverickyouthfund.ca\/fr\/board-member\/mike-arbour\/\">\n                        <img decoding=\"async\" width=\"100%\" src=\"https:\/\/maverickyouthfund.ca\/wp-content\/uploads\/2024\/09\/2024_Headshot_Mike_Arbour-aspect-ratio-1-1-540x540.jpeg\" alt=\"Mike Arbour\">\n                    <\/a>\n                    <div class=\"board-member-content d-flex flex-fill flex-column\">\n                        <h3>Mike Arbour<\/h3>\n                        <h4 class=\"flex-fill\">Tr\u00e9sorier<\/h4>\n                        <a href=\"https:\/\/maverickyouthfund.ca\/fr\/board-member\/mike-arbour\/\" class=\"board-member-link\">Voir la bio<\/a>\n                    <\/div>\n                <\/div>\n            <\/div>\n                    <div class=\"board-member col-6 col-md-4 col-lg-3 mb-4 d-flex\">\n                <div class=\"board-member-inner d-flex flex-fill flex-column\">\n\t\t\t\t\t                    <a href=\"https:\/\/maverickyouthfund.ca\/fr\/board-member\/sue-arbour\/\">\n                        <img decoding=\"async\" width=\"100%\" src=\"https:\/\/maverickyouthfund.ca\/wp-content\/uploads\/2024\/08\/2024_Headshot_Sue_Arbour-enlarged-1-scaled-aspect-ratio-1-1-540x540.jpg\" alt=\"Sue Arbour\">\n                    <\/a>\n                    <div class=\"board-member-content d-flex flex-fill flex-column\">\n                        <h3>Sue Arbour<\/h3>\n                        <h4 class=\"flex-fill\">Secr\u00e9taire<\/h4>\n                        <a href=\"https:\/\/maverickyouthfund.ca\/fr\/board-member\/sue-arbour\/\" class=\"board-member-link\">Voir la bio<\/a>\n                    <\/div>\n                <\/div>\n            <\/div>\n                    <div class=\"board-member col-6 col-md-4 col-lg-3 mb-4 d-flex\">\n                <div class=\"board-member-inner d-flex flex-fill flex-column\">\n\t\t\t\t\t                    <a href=\"https:\/\/maverickyouthfund.ca\/fr\/board-member\/greg-skotnicki\/\">\n                        <img decoding=\"async\" width=\"100%\" src=\"https:\/\/maverickyouthfund.ca\/wp-content\/uploads\/2024\/08\/Greg-Skotnicki-540x540.jpg\" alt=\"Greg Skotnicki\">\n                    <\/a>\n                    <div class=\"board-member-content d-flex flex-fill flex-column\">\n                        <h3>Greg Skotnicki<\/h3>\n                        <h4 class=\"flex-fill\">Directeur<\/h4>\n                        <a href=\"https:\/\/maverickyouthfund.ca\/fr\/board-member\/greg-skotnicki\/\" class=\"board-member-link\">Voir la bio<\/a>\n                    <\/div>\n                <\/div>\n            <\/div>\n                    <div class=\"board-member col-6 col-md-4 col-lg-3 mb-4 d-flex\">\n                <div class=\"board-member-inner d-flex flex-fill flex-column\">\n\t\t\t\t\t                    <a href=\"https:\/\/maverickyouthfund.ca\/fr\/board-member\/caroline-workman\/\">\n                        <img decoding=\"async\" width=\"100%\" src=\"https:\/\/maverickyouthfund.ca\/wp-content\/uploads\/2025\/04\/Caroline_Headshot_2025-540x540.jpg\" alt=\"Caroline Workman\">\n                    <\/a>\n                    <div class=\"board-member-content d-flex flex-fill flex-column\">\n                        <h3>Caroline Workman<\/h3>\n                        <h4 class=\"flex-fill\">Directrice<\/h4>\n                        <a href=\"https:\/\/maverickyouthfund.ca\/fr\/board-member\/caroline-workman\/\" class=\"board-member-link\">Voir la bio<\/a>\n                    <\/div>\n                <\/div>\n            <\/div>\n                    <div class=\"board-member col-6 col-md-4 col-lg-3 mb-4 d-flex\">\n                <div class=\"board-member-inner d-flex flex-fill flex-column\">\n\t\t\t\t\t                    <a href=\"https:\/\/maverickyouthfund.ca\/fr\/board-member\/therese-ngo\/\">\n                        <img decoding=\"async\" width=\"100%\" src=\"https:\/\/maverickyouthfund.ca\/wp-content\/uploads\/2025\/04\/Terry_Headshots_2025-aspect-ratio-1-1-540x540.jpg\" alt=\"Th\u00e9r\u00e8se Ngo\">\n                    <\/a>\n                    <div class=\"board-member-content d-flex flex-fill flex-column\">\n                        <h3>Th\u00e9r\u00e8se Ngo<\/h3>\n                        <h4 class=\"flex-fill\">Directrice<\/h4>\n                        <a href=\"https:\/\/maverickyouthfund.ca\/fr\/board-member\/therese-ngo\/\" class=\"board-member-link\">Voir la bio<\/a>\n                    <\/div>\n                <\/div>\n            <\/div>\n                    <div class=\"board-member col-6 col-md-4 col-lg-3 mb-4 d-flex\">\n                <div class=\"board-member-inner d-flex flex-fill flex-column\">\n\t\t\t\t\t                    <a href=\"https:\/\/maverickyouthfund.ca\/fr\/board-member\/johanne-morin\/\">\n                        <img decoding=\"async\" width=\"100%\" src=\"https:\/\/maverickyouthfund.ca\/wp-content\/uploads\/2026\/02\/Untitled-design-15.png\" alt=\"Johanne Morin\">\n                    <\/a>\n                    <div class=\"board-member-content d-flex flex-fill flex-column\">\n                        <h3>Johanne Morin<\/h3>\n                        <h4 class=\"flex-fill\">Directrice<\/h4>\n                        <a href=\"https:\/\/maverickyouthfund.ca\/fr\/board-member\/johanne-morin\/\" class=\"board-member-link\">Voir la bio<\/a>\n                    <\/div>\n                <\/div>\n            <\/div>\n            <\/div>\n<\/div>\n","protected":false},"excerpt":{"rendered":"<p>NOTRE HISTOIRE Fonds Maverick Perspectives Jeunesse a \u00e9t\u00e9 lanc\u00e9 en 2024 en tant qu&rsquo;initiative sp\u00e9ciale du Club de volley-ball Maverick pour marquer son 40e anniversaire et son engagement de longue date envers la communaut\u00e9 du volley-ball \u00e0 Ottawa. Depuis sa cr\u00e9ation, le Club a \u00e9volu\u00e9 pour devenir un programme de volley-ball de premier plan dans [&hellip;]<\/p>\n","protected":false},"author":1,"featured_media":0,"parent":0,"menu_order":0,"comment_status":"closed","ping_status":"closed","template":"","meta":{"_acf_changed":false,"footnotes":""},"class_list":["post-778","page","type-page","status-publish","hentry"],"acf":[],"_links":{"self":[{"href":"https:\/\/maverickyouthfund.ca\/fr\/wp-json\/wp\/v2\/pages\/778","targetHints":{"allow":["GET"]}}],"collection":[{"href":"https:\/\/maverickyouthfund.ca\/fr\/wp-json\/wp\/v2\/pages"}],"about":[{"href":"https:\/\/maverickyouthfund.ca\/fr\/wp-json\/wp\/v2\/types\/page"}],"author":[{"embeddable":true,"href":"https:\/\/maverickyouthfund.ca\/fr\/wp-json\/wp\/v2\/users\/1"}],"replies":[{"embeddable":true,"href":"https:\/\/maverickyouthfund.ca\/fr\/wp-json\/wp\/v2\/comments?post=778"}],"version-history":[{"count":15,"href":"https:\/\/maverickyouthfund.ca\/fr\/wp-json\/wp\/v2\/pages\/778\/revisions"}],"predecessor-version":[{"id":2537,"href":"https:\/\/maverickyouthfund.ca\/fr\/wp-json\/wp\/v2\/pages\/778\/revisions\/2537"}],"wp:attachment":[{"href":"https:\/\/maverickyouthfund.ca\/fr\/wp-json\/wp\/v2\/media?parent=778"}],"curies":[{"name":"wp","href":"https:\/\/api.w.org\/{rel}","templated":true}]}}