{"id":776,"date":"2024-08-16T17:35:21","date_gmt":"2024-08-16T21:35:21","guid":{"rendered":"https:\/\/maverickyouthfund.ca\/financial-assistance\/"},"modified":"2025-12-04T12:00:19","modified_gmt":"2025-12-04T17:00:19","slug":"laide-financiere","status":"publish","type":"page","link":"https:\/\/maverickyouthfund.ca\/fr\/laide-financiere\/","title":{"rendered":"L\u2019aide financi\u00e8re"},"content":{"rendered":"\n<h2 class=\"wp-block-heading\">Financement pour permettre aux jeunes de pratiquer&nbsp;un&nbsp;sport<\/h2>\n\n\n\n<p>Nous savons qu&rsquo;en tant que parent, vous souhaitez que votre enfant ait toutes les chances du monde &#8211; et cela inclut la pratique d&rsquo;un sport qui le passionne !<\/p>\n\n\n\n<p>Si vous avez besoin d&rsquo;une aide financi\u00e8re pour inscrire votre enfant \u00e0 un programme r\u00e9cr\u00e9atif ou comp\u00e9titif, le Fonds Maverick Perspectives Jeunesse (FMPJ) est l\u00e0 pour vous aider.<\/p>\n\n\n\n<div class=\"wp-block-buttons is-layout-flex wp-block-buttons-is-layout-flex\">\n<div class=\"wp-block-button\"><a class=\"wp-block-button__link has-black-color has-yellow-background-color has-text-color has-background has-link-color has-large-font-size has-custom-font-size wp-element-button\" href=\"https:\/\/maverickyouthfund.ca\/fr\/laide-financiere\/demande-daide-financiere\/\">Appliquer maintenant<\/a><\/div>\n<\/div>\n\n\n\n<div style=\"height:1em\" aria-hidden=\"true\" class=\"wp-block-spacer\"><\/div>\n\n\n\n<blockquote class=\"wp-block-quote is-layout-flow wp-block-quote-is-layout-flow\">\n<p><em>Mon client est un athl\u00e8te exemplaire, passionn\u00e9 de volley-ball. Il est fier de son h\u00e9ritage inuit et vient d&rsquo;une communaut\u00e9 nordique o\u00f9 le volley-ball est tr\u00e8s populaire. Il travaille tr\u00e8s fort pour atteindre son objectif de rejoindre une \u00e9quipe de volley-ball comp\u00e9titive, ce qui, je pense, l&rsquo;aidera \u00e9galement \u00e0 s&rsquo;int\u00e9grer dans sa nouvelle communaut\u00e9 d&rsquo;Ottawa. En tant que membre d&rsquo;une famille nombreuse, il est tr\u00e8s difficile de s&rsquo;offrir des activit\u00e9s extrascolaires. Le financement qu&rsquo;il a re\u00e7u du Fonds Maverick Perspectives Jeunesse a \u00e9t\u00e9 essentiel pour l&rsquo;aider \u00e0 pratiquer un sport qu&rsquo;il aime. Votre aide financi\u00e8re est tr\u00e8s appr\u00e9ci\u00e9e par lui, sa famille et sa communaut\u00e9 !<\/em><\/p>\n<cite>Travailleur des services de soutien aux \u00e9tudiants<\/cite><\/blockquote>\n\n\n\n<div style=\"height:1em\" aria-hidden=\"true\" class=\"wp-block-spacer\"><\/div>\n\n\n\n<h3 class=\"wp-block-heading\" style=\"text-transform:uppercase\">Quels sont les financements disponibles ?<\/h3>\n\n\n\n<p><strong>Programmes de comp\u00e9tition : <\/strong>Le FMPJ fournira jusqu&rsquo;\u00e0 2 500 $ par ann\u00e9e aux athl\u00e8tes qui participent \u00e0 des programmes de comp\u00e9tition, de haute performance ou de sport d&rsquo;\u00e9lite dans la r\u00e9gion de la capitale nationale. Ces programmes durent g\u00e9n\u00e9ralement de 6 \u00e0 10 mois.<\/p>\n\n\n\n<p><strong>Programmes de loisirs\/apprentissage du jeu :<\/strong> Le FMPJ fournira jusqu&rsquo;\u00e0 600 $ par ann\u00e9e (du 1er septembre au 31 ao\u00fbt) aux athl\u00e8tes qui participent \u00e0 un programme de sport r\u00e9cr\u00e9atif et d&rsquo;apprentissage du jeu dans la r\u00e9gion de la capitale nationale. Ces programmes durent habituellement de&nbsp;6&nbsp;\u00e0&nbsp;10&nbsp;semaines.<\/p>\n\n\n\n<div style=\"height:0.5em\" aria-hidden=\"true\" class=\"wp-block-spacer\"><\/div>\n\n\n\n<h3 class=\"wp-block-heading\" style=\"text-transform:uppercase\">Quels sont les crit\u00e8res d&rsquo;admissibilit\u00e9 au financement ?<\/h3>\n\n\n\n<ul class=\"wp-block-list\">\n<li>Les candidats doivent \u00eatre \u00e2g\u00e9s de 9 \u00e0 18 ans.<\/li>\n\n\n\n<li>R\u00e9sident de la r\u00e9gion de la capitale nationale (Ottawa, Ontario)<\/li>\n\n\n\n<li>Les parents (ou les tuteurs l\u00e9gaux) doivent remplir le formulaire de demande et fournir des renseignements sur les points suivants :<ul><li>Votre situation financi\u00e8re, y compris le revenu total de votre foyer (une preuve de revenu peut \u00eatre demand\u00e9e).<\/li><\/ul>\n<ul class=\"wp-block-list\">\n<li>Le programme ou l&rsquo;activit\u00e9 sportive sp\u00e9cifique auquel l&rsquo;enfant souhaite participer.<\/li>\n\n\n\n<li>Le nombre de personnes \u00e0 charge au sein du foyer.<br>*Veuillez noter que le <a href=\"https:\/\/www150.statcan.gc.ca\/t1\/tbl1\/fr\/tv.action?pid=1110024101&amp;pickMembers%5B0%5D=2.2&amp;cubeTimeFrame.startYear=2018&amp;cubeTimeFrame.endYear=2022&amp;referencePeriods=20180101%2C20220101&amp;request_locale=fr\" target=\"_blank\" rel=\"noreferrer noopener\">Seuils de faible revenu (SFR) avant imp\u00f4t<\/a> le plus r\u00e9cent de Statistique Canada sera utilis\u00e9 pour d\u00e9terminer le niveau de financement accord\u00e9.<\/li>\n\n\n\n<li>Toute circonstance particuli\u00e8re pouvant \u00eatre prise en compte.<\/li>\n<\/ul>\n<\/li>\n\n\n\n<li>Une preuve d&rsquo;inscription \u00e0 un programme de sport r\u00e9cr\u00e9atif ou de comp\u00e9tition dans la r\u00e9gion de la capitale nationale doit \u00eatre fournie.\n<ul class=\"wp-block-list\">\n<li>Si vous comptez sur ce financement avant d&rsquo;\u00eatre en mesure de vous inscrire \u00e0 un programme, veuillez l&rsquo;indiquer sur la demande.<\/li>\n<\/ul>\n<\/li>\n<\/ul>\n\n\n\n<h3 class=\"wp-block-heading\" style=\"text-transform:uppercase\">Quelle est la date limite ?<\/h3>\n\n\n\n<p>Les dates limites sont r\u00e9parties tout au long de l&rsquo;ann\u00e9e afin de r\u00e9pondre aux besoins des divers programmes qui ont des dates de d\u00e9but diff\u00e9rentes. Les dates limites pour soumettre votre candidature sont les suivantes :<\/p>\n\n\n\n<ul class=\"wp-block-list\">\n<li><strong>Pour les programmes de Maverick Volleyball :<\/strong>\n<ul class=\"wp-block-list\">\n<li>Programmes r\u00e9cr\u00e9atifs \u00ab Apprendre \u00e0 jouer \u00bb \u2013 une semaine avant le d\u00e9but du programme<\/li>\n\n\n\n<li>Centre r\u00e9gional d\u2019entra\u00eenement \u2013 30 septembre 2025 \/ 26 janvier 2026<\/li>\n\n\n\n<li>\u00c9quipes provinciales\/nationales \u2013 30 septembre 2025<\/li>\n<\/ul>\n<\/li>\n\n\n\n<li><strong>Pour les autres programmes sportifs :<\/strong>\n<ul class=\"wp-block-list\">\n<li>30 septembre<\/li>\n\n\n\n<li>30 novembre<\/li>\n\n\n\n<li>31 janvier<\/li>\n\n\n\n<li>31 mars<\/li>\n\n\n\n<li>31 mai<\/li>\n\n\n\n<li>31 juillet<\/li>\n<\/ul>\n<\/li>\n\n\n\n<li><strong>REMARQUE :<\/strong> Si vous manquez une date limite, veuillez communiquer avec <strong><a>applications@maverickyouthfund.ca<\/a><\/strong>.<\/li>\n<\/ul>\n\n\n\n<div class=\"wp-block-buttons is-layout-flex wp-block-buttons-is-layout-flex\">\n<div class=\"wp-block-button\"><a class=\"wp-block-button__link has-large-font-size has-custom-font-size wp-element-button\" href=\"https:\/\/maverickyouthfund.ca\/fr\/laide-financiere\/demande-daide-financiere\/\">Appliquer maintenant<\/a><\/div>\n<\/div>\n\n\n\n<h3 class=\"wp-block-heading\" style=\"text-transform:uppercase\">Comment le financement sera-t-il d\u00e9termin\u00e9 et distribu\u00e9 ?<\/h3>\n\n\n\n<ul class=\"wp-block-list\">\n<li>Une fois votre demande re\u00e7ue, nous vous confirmerons sa r\u00e9ception par courriel et elle sera examin\u00e9e par notre comit\u00e9 de d\u00e9caissement dans un d\u00e9lai d&rsquo;une semaine apr\u00e8s la date limite (indiqu\u00e9e ci-dessus). Nous nous engageons \u00e0 communiquer notre d\u00e9cision \u00e0 chaque candidat le plus rapidement possible.<\/li>\n\n\n\n<li>Les demandes sont examin\u00e9es par la commission d&rsquo;attribution, qui \u00e9value les besoins financiers de chaque demandeur et l&rsquo;impact potentiel de la subvention sur la capacit\u00e9 de l&rsquo;enfant \u00e0 participer \u00e0 une activit\u00e9 sportive.<\/li>\n\n\n\n<li>La priorit\u00e9 peut \u00eatre accord\u00e9e aux candidats qui ont les besoins financiers les plus importants, ainsi qu&rsquo;\u00e0 ceux qui peuvent b\u00e9n\u00e9ficier de mani\u00e8re significative de la participation sportive en termes de d\u00e9veloppement personnel, de sant\u00e9 et d&rsquo;inclusion sociale.<\/li>\n\n\n\n<li>Une preuve d&rsquo;inscription\/paiement est requise pour le remboursement. On vous versera les fonds directement par virement \u00e9lectronique d\u00e8s l&rsquo;approbation de votre demande d&rsquo;aide financi\u00e8re. Pour toute question, n&rsquo;h\u00e9sitez pas \u00e0 nous contacter \u00e0 l&rsquo;&nbsp;<a href=\"mailto:application@maverickyouthfund.ca\">adresse application@maverickyouthfund.ca<\/a><\/li>\n<\/ul>\n\n\n\n<div class=\"wp-block-group is-content-justification-right is-nowrap is-layout-flex wp-container-core-group-is-layout-17124a9a wp-block-group-is-layout-flex\"><a href=\"https:\/\/maverickyouthfund.ca\/fr\/faire-un-don\/\" class=\"mp-block-group-link mp-block hover-grow d-inline-block\">\n    <div class=\"acf-innerblocks-container\">\n\n<div class=\"wp-block-group has-yellow-background-color has-background is-layout-constrained wp-container-core-group-is-layout-bcc769d8 wp-block-group-is-layout-constrained\" style=\"padding-top:0rem;padding-right:0.5rem;padding-bottom:0rem;padding-left:0.5rem\">\n<div class=\"wp-block-group is-nowrap is-layout-flex wp-container-core-group-is-layout-f1189ed3 wp-block-group-is-layout-flex\">\n<div class=\"wp-block-group is-layout-constrained wp-block-group-is-layout-constrained\">\n<p class=\"has-text-align-center has-black-color has-text-color has-link-color wp-elements-185cff1834abaf26676e6f5903a56844\" style=\"margin-top:var(--wp--preset--spacing--20);margin-right:0;margin-bottom:0.1rem;margin-left:0;font-size:1em;font-style:normal;font-weight:900;text-transform:uppercase\">AIDEZ-NOUS \u00c0 AIDER LES JEUNES<\/p>\n\n\n\n<p class=\"has-text-align-center has-black-color has-text-color has-link-color wp-elements-f420f50154dfeb8cc902c13b3e571c4b\" style=\"margin-top:0;margin-right:0;margin-bottom:var(--wp--preset--spacing--40);margin-left:0;font-size:2.25em;font-style:normal;font-weight:900;text-transform:uppercase\">FAITES UN DON<\/p>\n<\/div>\n\n\n\n<div class=\"wp-block-group is-layout-constrained wp-container-core-group-is-layout-a719fb84 wp-block-group-is-layout-constrained\">\n<figure class=\"wp-block-image size-full\"><img loading=\"lazy\" decoding=\"async\" width=\"400\" height=\"665\" src=\"https:\/\/maverickyouthfund.ca\/wp-content\/uploads\/2024\/08\/caret-right-solid.png\" alt=\"\" class=\"wp-image-58\" srcset=\"https:\/\/maverickyouthfund.ca\/wp-content\/uploads\/2024\/08\/caret-right-solid.png 400w, https:\/\/maverickyouthfund.ca\/wp-content\/uploads\/2024\/08\/caret-right-solid-180x299.png 180w, https:\/\/maverickyouthfund.ca\/wp-content\/uploads\/2024\/08\/caret-right-solid-360x599.png 360w, https:\/\/maverickyouthfund.ca\/wp-content\/uploads\/2024\/08\/caret-right-solid-108x180.png 108w, https:\/\/maverickyouthfund.ca\/wp-content\/uploads\/2024\/08\/caret-right-solid-217x360.png 217w, https:\/\/maverickyouthfund.ca\/wp-content\/uploads\/2024\/08\/caret-right-solid-325x540.png 325w\" sizes=\"auto, (max-width: 400px) 100vw, 400px\" \/><\/figure>\n<\/div>\n<\/div>\n<\/div>\n\n<\/div>\n<\/a><\/div>\n\n\n\n<h2 class=\"wp-block-heading\" style=\"text-transform:uppercase\">Questions fr\u00e9quentes ?<\/h2>\n\n\n\n<p>N\u2019h\u00e9sitez pas \u00e0 envoyer vos questions \u00e0&nbsp;<a href=\"mailto:application@maverickyouthfund.ca\">application@maverickyouthfund.ca<\/a>&nbsp;et nous vous r\u00e9pondrons rapidement.<\/p>\n\n\n\n    \n    <div class=\"mp-block-faqs mp-block\">\n        <div class=\"faq-wrap\">\n                                           <div class=\"single-faq\">\n                                   <a href=\"#\" class=\"question-faq\">\n                        <span class=\"title\">\n                            <span class=\"toggle-icon plus\">+<\/span>\n                            <span class=\"toggle-icon minus\">&#8211;<\/span>\n                            Comment le FMPJ d\u00e9termine-t-il le montant de l&rsquo;aide financi\u00e8re qu&rsquo;un candidat peut recevoir ?                        <\/span>\n                    <\/a>\n                                                            <div class=\"answer-faq\">\n                        <p>Chaque ann\u00e9e, le montant des fonds que nous recevons de nos donateurs ainsi que le nombre de demandes d&rsquo;aide financi\u00e8re que nous recevons d\u00e9terminent le montant de l&rsquo;aide financi\u00e8re qu&rsquo;une personne peut recevoir.<\/p>\n                    <\/div>\n                                    <\/div>\n                                           <div class=\"single-faq\">\n                                   <a href=\"#\" class=\"question-faq\">\n                        <span class=\"title\">\n                            <span class=\"toggle-icon plus\">+<\/span>\n                            <span class=\"toggle-icon minus\">&#8211;<\/span>\n                            Si ma famille ne fait pas partie d&rsquo;une cat\u00e9gorie \u00e0 faibles revenus, mais qu&rsquo;elle a des difficult\u00e9s financi\u00e8res dues \u00e0 des circonstances impr\u00e9vues, ma demande sera-t-elle quand m\u00eame prise en consid\u00e9ration ?                        <\/span>\n                    <\/a>\n                                                            <div class=\"answer-faq\">\n                        <p>Oui. Nous comprenons que la vie est impr\u00e9visible et qu&rsquo;elle peut imposer des contraintes financi\u00e8res \u00e0 votre famille. Nous ne voulons pas que ces contraintes emp\u00eachent votre enfant de participer \u00e0 un sport qu&rsquo;il aime ! Veuillez nous raconter votre histoire du mieux que vous pouvez, et nous \u00e9tudierons votre demande.<\/p>\n                    <\/div>\n                                    <\/div>\n                                           <div class=\"single-faq\">\n                                   <a href=\"#\" class=\"question-faq\">\n                        <span class=\"title\">\n                            <span class=\"toggle-icon plus\">+<\/span>\n                            <span class=\"toggle-icon minus\">&#8211;<\/span>\n                            Je dois m&rsquo;inscrire \u00e0 mon programme\/\u00e9quipe avant la date limite ou je perdrai ma place. Cependant, ma participation d\u00e9pendra de l&rsquo;aide financi\u00e8re que je recevrai ou non de la part du FMPJ. Que dois-je faire ?                        <\/span>\n                    <\/a>\n                                                            <div class=\"answer-faq\">\n                        <p>Veuillez indiquer votre d\u00e9lai sur le formulaire de candidature et la commission d&rsquo;attribution fera tout son possible pour \u00e9valuer votre candidature dans les d\u00e9lais impartis.<\/p>\n                    <\/div>\n                                    <\/div>\n                    <\/div>\n    <\/div>\n\n","protected":false},"excerpt":{"rendered":"<p>Financement pour permettre aux jeunes de pratiquer&nbsp;un&nbsp;sport Nous savons qu&rsquo;en tant que parent, vous souhaitez que votre enfant ait toutes les chances du monde &#8211; et cela inclut la pratique d&rsquo;un sport qui le passionne ! Si vous avez besoin d&rsquo;une aide financi\u00e8re pour inscrire votre enfant \u00e0 un programme r\u00e9cr\u00e9atif ou comp\u00e9titif, le Fonds [&hellip;]<\/p>\n","protected":false},"author":1,"featured_media":0,"parent":0,"menu_order":0,"comment_status":"closed","ping_status":"closed","template":"","meta":{"_acf_changed":false,"footnotes":""},"class_list":["post-776","page","type-page","status-publish","hentry"],"acf":[],"_links":{"self":[{"href":"https:\/\/maverickyouthfund.ca\/fr\/wp-json\/wp\/v2\/pages\/776","targetHints":{"allow":["GET"]}}],"collection":[{"href":"https:\/\/maverickyouthfund.ca\/fr\/wp-json\/wp\/v2\/pages"}],"about":[{"href":"https:\/\/maverickyouthfund.ca\/fr\/wp-json\/wp\/v2\/types\/page"}],"author":[{"embeddable":true,"href":"https:\/\/maverickyouthfund.ca\/fr\/wp-json\/wp\/v2\/users\/1"}],"replies":[{"embeddable":true,"href":"https:\/\/maverickyouthfund.ca\/fr\/wp-json\/wp\/v2\/comments?post=776"}],"version-history":[{"count":20,"href":"https:\/\/maverickyouthfund.ca\/fr\/wp-json\/wp\/v2\/pages\/776\/revisions"}],"predecessor-version":[{"id":2239,"href":"https:\/\/maverickyouthfund.ca\/fr\/wp-json\/wp\/v2\/pages\/776\/revisions\/2239"}],"wp:attachment":[{"href":"https:\/\/maverickyouthfund.ca\/fr\/wp-json\/wp\/v2\/media?parent=776"}],"curies":[{"name":"wp","href":"https:\/\/api.w.org\/{rel}","templated":true}]}}